{"id":105,"date":"2020-10-03T16:13:35","date_gmt":"2020-10-03T16:13:35","guid":{"rendered":"https:\/\/the-light.ro\/?page_id=105"},"modified":"2026-02-16T00:44:40","modified_gmt":"2026-02-15T22:44:40","slug":"terms-and-conditions0","status":"publish","type":"page","link":"https:\/\/the-light.ro\/ro\/terms-and-conditions0\/","title":{"rendered":"Termeni &amp; Condi\u021bii de Utilizare"},"content":{"rendered":"<p><\/p>\n\n\n\n<p>Site-ul g\u0103zduit de domeniul&nbsp;<a href=\"https:\/\/the-light.ro\/ro\/\">www.the-light.ro<\/a>&nbsp;este proprietatea societ\u0103\u021bii PUMAC S.A., persoana juridica romana, cu sediul social in Splaiul Independentei nr. 319L, Cladirea Paris, Intrarea C, Parter, Sector 6, Bucure\u0219ti, inregistrata la Oficiul Registrului Comertului Bucuresti sub nr. J1991000200400, Cod Unic de inregistrare 447042.<\/p>\n\n\n\n<p>Societatea este membr\u0103 a GRUPULUI SEMA potrivit art. 4 (19) din Regulamentul nr. 679\/2016 privind protec\u021bia persoanelor fizice \u00een ceea ce prive\u0219te prelucrarea datelor cu caracter personal \u0219i privind libera circula\u021bie a acestora.<\/p>\n\n\n\n<p>Prin accesarea site-ului <a href=\"https:\/\/the-light.ro\/ro\/\">www.the-light.ro<\/a>, inclusiv dar f\u0103r\u0103 a se limita la accesarea informa\u021biilor din site, crearea unui cont pe site, precum \u0219i prin utilizarea oric\u0103ruia dintre serviciile furnizate prin intermediul acestui site,&nbsp;<strong>declara\u021bi \u0219i confirma\u021bi c\u0103 a\u021bi citit, a\u021bi \u00een\u021beles \u0219i accepta\u021bi \u00een \u00eentregime \u0219i f\u0103r\u0103 rezerve termenii \u0219i condi\u021biile de mai jos<\/strong>&nbsp;care au valoarea unui contract \u00eencheiat \u00eentre PUMAC S.A., \u0219i dumneavoastr\u0103 (\u201eTermenii \u0219i Condi\u021biile\u201d sau \u201eAcordul\u201d), precum \u0219i&nbsp; <strong>Politica de Confiden\u021bialitate<\/strong>&nbsp;\u0219i&nbsp;<strong>Politica referitoare la cookies<\/strong>&nbsp;care sunt de asemenea parte integrant\u0103 din prezentul document. Prin accesarea website-ului&nbsp;<a href=\"https:\/\/the-light.ro\/ro\/\">www.the-light.ro<\/a>&nbsp;deveni\u021bi parte a acestui Acord, fiind denumit \u00een continuare \u201cUtilizator\u201d.<\/p>\n\n\n\n<p>Serviciile PUMAC S.A., pot fi utilizate numai \u00een scopuri legale iar dumneavoastr\u0103 v\u0103 angaja\u021bi, garanta\u021bi \u0219i sunte\u021bi de acord s\u0103 nu utiliza\u021bi aceste servicii \u00eentr-un mod nelegal sau abuziv.<\/p>\n\n\n\n<p>\u00cen cazul \u00een care&nbsp;<strong>nu sunte\u021bi de acord cu ace\u0219ti Termeni \u0219i Condi\u021bii de Utilizare<\/strong>, indiferent dac\u0103 dezacordul dumneavoastr\u0103 prive\u0219te \u00een integralitate sau numai o parte din \u201dTermeni \u0219i Condi\u021bii\u201d,&nbsp;<strong>ave\u021bi obliga\u021bia de a \u00eenceta imediat accesarea&nbsp;<\/strong>Site-ului <a href=\"https:\/\/the-light.ro\/ro\/\">www.the-light.ro<\/a> \u0219i utilizarea serviciilor acestuia.<\/p>\n\n\n\n<p>PUMAC S.A., poate modifica oric\u00e2nd \u0219i unilateral Termenii \u0219i Condi\u021biile, iar astfel de modific\u0103ri vor fi considerate ca acceptate de dumneavoastr\u0103 prin simpla utilizare a Site-ului&nbsp;<a href=\"https:\/\/the-light.ro\/ro\/\">www.the-light.ro<\/a>.<\/p>\n\n\n\n<p>Acest Acord v\u0103 este furnizat \u0219i este \u00eencheiat \u00een limba rom\u00e2n\u0103, dar poate fi furnizat \u0219i \u00eencheiat \u0219i \u00een limba englez\u0103, \u00een func\u021bie de op\u021biunea dumneavoastr\u0103, exprimat\u0103 prin selectarea limbii de utilizare a Site-ului&nbsp;<a href=\"https:\/\/the-light.ro\/ro\/\">www.the-light.ro<\/a>. Pentru evitarea oric\u0103rui dubiu, acest Acord este guvernat de legea din Rom\u00e2nia \u0219i va fi interpretat conform legii rom\u00e2ne. \u00cen cazul unor neconcordan\u0163e \u00eentre versiunea din limba rom\u00e2n\u0103 \u015fi cea \u00een limba englez\u0103 primeaz\u0103 cea \u00een limba rom\u00e2n\u0103.<\/p>\n\n\n\n<p>V\u0103 inform\u0103m c\u0103 vom comunica cu dumneavoastr\u0103, \u00een func\u021bie de op\u021biunea pe care ne-o ve\u021bi transmite, \u00een limba rom\u00e2n\u0103 sau englez\u0103 pe toate chestiunile legate de utilizarea Site-ului PUMAC S.A., sens \u00een care v\u0103 asigur\u0103m c\u0103 personalul nostru vorbe\u0219te limbile englez\u0103 \u0219i rom\u00e2n\u0103.<\/p>\n\n\n\n<p>Dac\u0103, dup\u0103 ce a\u021bi citit integral acest Acord, ave\u021bi \u00eenc\u0103 unele nel\u0103muriri sau \u00eentreb\u0103ri referitoare la acesta, nu ezita\u021bi s\u0103 ne contacta\u021bi la&nbsp;<a href=\"mailto:office@sema.ro\">office@sema.ro<\/a>.<\/p>\n\n\n\n<p>Aten\u021bion\u0103m vizitatorii \u015fi utilizatorii \u00een mod expres c\u0103 utilizarea acestui website este pentru persoanele care au \u00eemplinit v\u00e2rsta de 16 ani. Utilizarea site-ului de c\u0103tre copiii care nu au \u00eemplinit v\u00e2rsta de 16 ani pentru comunicarea de date cu caracter personal, este interzis\u0103. \u00cen cazul \u00een care are totu\u0219i loc o asemenea situa\u021bie, av\u00e2nd consecin\u021b\u0103 procesarea datelor cu caracter personal ale copiilor sub 16 ani, vom sista procesarea acestor date imediat ce vom afla un astfel de fapt.&nbsp;<strong>R\u0103spunderea pentru utilizarea site-ului de c\u0103tre copii apar\u021bine \u00een exclusivitate p\u0103rin\u021bilor.<\/strong><\/p>\n\n\n\n<h3 class=\"wp-block-heading\">1. Confiden\u021bialitate<\/h3>\n\n\n\n<p>\u00cen acord cu prevederile Regulamentului UE 679\/ 2016 privind protec\u021bia persoanelor fizice \u00een ceea ce prive\u0219te prelucrarea datelor cu caracter personal \u0219i privind libera circula\u021bie a acestor date \u0219i de abrogare a Directivei 95\/46\/CE (Regulamentul general privind protec\u021bia datelor), ne angaj\u0103m s\u0103 protej\u0103m datele dumneavoastr\u0103 personale \u0219i s\u0103 v\u0103 ajut\u0103m s\u0103 \u00een\u021belege\u021bi cum sunt prelucrate aceste date pe care ni le furniza\u021bi, cu respectarea tuturor principiilor legate de prelucrarea datelor cu caracter personal, respectiv: principiul responsabilit\u0103\u021bii, principiul legalit\u0103\u021bii, echit\u0103\u021bii \u0219i transparen\u021bei, scopului prelucr\u0103rii, principiul reducerii la minim a datelor necesare scopului prelucr\u0103rii, principiul exactit\u0103\u021bii datelor, principiul limit\u0103rii stoc\u0103rii datelor, principiul integralit\u0103\u021bii \u0219i confiden\u021bialit\u0103\u021bii.<\/p>\n\n\n\n<p>Citi\u021bi cu aten\u021bie&nbsp;<strong>Politica noastr\u0103 de Confiden\u021bialitate<\/strong>&nbsp;\u0219i&nbsp;<strong>Politica referitoare la Cookies<\/strong>,&nbsp;\u00eentruc\u00e2t acestea v\u0103 vor oferi informa\u021biile necesare inclusiv despre, dar f\u0103r\u0103 a se limita la scopurile \u00een care sunt prelucrate datele cu caracter personal, temeiul juridic al prelucr\u0103rii, destinatarii datelor cu caracter personal, perioada de stocare, dreptul de acces, rectificare sau \u0219tergere a datelor cu caracter personal, dreptul la restric\u021bionare a prelucr\u0103rii, dreptul de a depune o pl\u00e2ngere la autoritatea de supraveghere competent\u0103.<\/p>\n\n\n\n<h3 class=\"wp-block-heading\">2. Serviciile PUMAC S.A.<\/h3>\n\n\n\n<p>Con\u021binutul, astfel cum este definit, incluz\u00e2nd, dar nelimit\u00e2ndu-se la logo-uri, reprezent\u0103ri stilizate, simboluri comerciale, imagini statice, imagini dinamice, text \u0219i\/ sau con\u021binut multimedia, precum \u015fi alte elemente \u00eencorpor\u00e2nd drepturi de proprietate intelectual\u0103, prezentate pe site sunt proprietatea exclusiv\u0103 a Societ\u0103\u021bii PUMAC S.A., acesteia fiindu-i rezervate toate drepturile ob\u021binute \u00een acest sens, \u00een mod direct sau indirect (prin licen\u021be de utilizare \u0219i\/ sau publicare).<\/p>\n\n\n\n<p>Vizitatorilor nu le este permis\u0103 copierea, distribuirea, publicarea, transferul c\u0103tre ter\u021be p\u0103r\u021bi, modificarea \u015fi \/ sau alterarea \u00een alt mod, utilizarea, expunerea, includerea oric\u0103rui con\u021binut \u00een orice alt context dec\u00e2t cel original. Informa\u021biile publicate pe site-ul&nbsp;<a href=\"https:\/\/the-light.ro\/ro\/\">www.the-light.ro<\/a>&nbsp;sunt informa\u021bii de interes general despre PUMAC S.A., proiectele sale, produsele \/ serviciile comercializate, opiniile utilizatorilor despre produse c\u00e2t \u015fi alte informatii considerate de PUMAC S.A., ca fiind de interes pentru vizitatori. PUMAC S.A. \u00ee\u0219i rezerv\u0103 dreptul s\u0103 completeze \u015fi s\u0103 modifice orice informa\u021bie de pe site-ul&nbsp;<a href=\"https:\/\/the-light.ro\/ro\/\">www.the-light.ro<\/a>.<\/p>\n\n\n\n<p>A\u0219adar, folosirea \u00een scopuri comerciale, f\u0103r\u0103 acordul PUMAC S.A. a oric\u0103ruia dintre elementele enumerate mai sus poate atrage r\u0103spunderea persoanelor respective conform legilor \u00een vigoare. Website-ul&nbsp;<a href=\"https:\/\/the-light.ro\/ro\/\">www.the-light.ro<\/a>&nbsp;poate g\u0103zdui leg\u0103turi (link-uri) c\u0103tre alte site-uri World Wide Web sau alte resurse. R\u0103spunderea pentru aceste site-uri o poart\u0103 \u00een \u00eentregime proprietarii acestora.<\/p>\n\n\n\n<p><br>PUMAC S.A. nu \u00ee\u0219i asum\u0103 responsabilitatea pentru nici o pagub\u0103 sau pierdere cauzat\u0103 sau presupus\u0103 a fi cauzat\u0103 de informa\u021biile furnizate prin site \u015fi nici de sau resursele spre care trimit link-urile men\u021bionate \u00een acest document.<\/p>\n\n\n\n<p>PUMAC S.A. nu r\u0103spunde pentru pagubele, costurile, procesele, preten\u021biile sau cheltuielile ap\u0103rute ca urmare a nerespect\u0103rii de c\u0103tre utilizatori a \u201eTermenilor \u015fi condi\u021biilor de Utilizare\u201d.<\/p>\n\n\n\n<p>PUMAC S.A. nu r\u0103spunde pentru prejudiciile create ca urmare a nefunc\u021bion\u0103rii site-ului&nbsp;<a href=\"https:\/\/the-light.ro\/ro\/\">www.the-light.ro<\/a>&nbsp;precum \u015fi pentru cele rezult\u00e2nd din imposibilitatea de accesare a anumitor link-uri afi\u0219ate pe acestea.<\/p>\n\n\n\n<p>Orice \u00eencercare de a modifica con\u021binutul site-ului&nbsp;<a href=\"https:\/\/the-light.ro\/ro\/\">www.the-light.ro<\/a>&nbsp;sau de a afecta func\u021bionarea oric\u0103rui server care g\u0103zduie\u0219te site-ul va fi considerat\u0103 o tentativ\u0103 de fraudare a acestora \u015fi va putea avea drept consecin\u021b\u0103 atragerea r\u0103spunderii autorului sau autorilor acestor fapte.<\/p>\n\n\n\n<p>\u00cen cazul \u00een care nu agrea\u021bi condi\u021biile \u015fi termenii de utilizare v\u0103 rug\u0103m s\u0103 nu accesa\u021bi site-ul <a href=\"https:\/\/the-light.ro\/ro\/\">www.the-light.ro<\/a> \u015fis\u0103 \u00eenchide\u021bi de \u00eendat\u0103 pagina de web.<\/p>\n\n\n\n<h3 class=\"wp-block-heading\">3. Solicit\u0103rile \u0219i reclama\u021biile Clien\u021bilor<\/h3>\n\n\n\n<p>Dac\u0103 ave\u021bi vreo reclama\u021bie sau \u00eentrebare, v\u0103 rug\u0103m s\u0103 ne contacta\u021bi pe adresa noastr\u0103 de email&nbsp;<a href=\"mailto:office@sema.ro\">office@sema.ro<\/a>.<\/p>\n\n\n\n<h3 class=\"wp-block-heading\">4. Legisla\u021bie aplicabil\u0103 \u0219i Jurisdic\u021bie<\/h3>\n\n\n\n<p>Prezentul Acord este guvernat de legea din Rom\u00e2nia \u0219i va fi interpretat conform legii rom\u00e2ne.<\/p>\n\n\n\n<p>Sub rezerva Articolului 16 din Regulamentul Consiliului (CE) nr. 44\/2001 privind competen\u021ba judiciar\u0103, recunoa\u0219terea \u0219i executarea hot\u0103r\u00e2rilor \u00een materie civil\u0103 \u0219i comercial\u0103, orice litigiu decurg\u00e2nd din sau \u00een leg\u0103tur\u0103 cu acest Acord va fi supus spre solu\u021bionare instan\u021belor judec\u0103tore\u0219ti competente din Rom\u00e2nia, de la sediul PUMAC S.A.<\/p>\n\n\n\n<h3 class=\"wp-block-heading\">5. For\u021b\u0103 major\u0103<\/h3>\n\n\n\n<p>At\u00e2t PUMAC S.A. c\u00e2t \u0219i dumneavoastr\u0103, suntem exonera\u021bi de r\u0103spundere pentru ne\u00eendeplinirea total\u0103 sau par\u021bial\u0103 sau pentru \u00eendeplinirea cu \u00eent\u00e2rziere a obliga\u021biilor decurg\u00e2nd din prezentul Acord ca urmare a unei situa\u021bii de for\u021b\u0103 major\u0103, a\u0219a cum for\u021ba major\u0103 este definit\u0103 \u00een continuare. For\u021b\u0103 major\u0103 este orice eveniment extern, imprevizibil, absolut invincibil \u015fi inevitabil, care ap\u0103r\u0103 de r\u0103spundere partea care o invoc\u0103, condi\u021bionat de notificarea scris\u0103 a celeilalte p\u0103r\u021bi \u00een termen de 10 zile de la producerea cazului de for\u021b\u0103 major\u0103 \u0219i pe baza Certificatului de for\u021b\u0103 major\u0103 eliberat de Camera de Comer\u021b \u0219i Industrie a municipiului Bucure\u0219ti. Dac\u0103 \u00een termen de 30 zile de la producerea sa, evenimentul de for\u021b\u0103 major\u0103 nu \u00eenceteaz\u0103, fiecare dintre p\u0103r\u021bi are dreptul s\u0103 notifice cealalt\u0103 parte \u00eencetarea de plin drept a prezentului Contract f\u0103r\u0103 ca vreuna dintre ele s\u0103 pretind\u0103 daune interese.Prezentul Acord, \u00eempreun\u0103 cu&nbsp;<strong>Politica privind Confiden\u021bialitatea<\/strong>,&nbsp;<strong>Politica referitoare la Cookies<\/strong>, reprezint\u0103 integralitatea \u00een\u021belegerii dintre p\u0103r\u021bi \u0219i \u00eenlocuie\u0219te orice \u00een\u021belegere anterioar\u0103, scris\u0103 sau verbal\u0103.<\/p>\n\n\n\n<p><\/p>","protected":false},"excerpt":{"rendered":"<p>Site-ul g\u0103zduit de domeniul&nbsp;www.the-light.ro&nbsp;este proprietatea societ\u0103\u021bii PUMAC S.A., persoana juridica romana, cu sediul social in Splaiul Independentei nr. 319L, Cladirea Paris, Intrarea C, Parter, [&hellip;]<\/p>\n","protected":false},"author":1,"featured_media":0,"parent":0,"menu_order":0,"comment_status":"closed","ping_status":"closed","template":"","meta":{"site-sidebar-layout":"default","site-content-layout":"default","ast-site-content-layout":"default","site-content-style":"default","site-sidebar-style":"default","ast-global-header-display":"","ast-banner-title-visibility":"","ast-main-header-display":"","ast-hfb-above-header-display":"","ast-hfb-below-header-display":"","ast-hfb-mobile-header-display":"","site-post-title":"","ast-breadcrumbs-content":"","ast-featured-img":"","footer-sml-layout":"","ast-disable-related-posts":"","theme-transparent-header-meta":"default","adv-header-id-meta":"","stick-header-meta":"default","header-above-stick-meta":"","header-main-stick-meta":"","header-below-stick-meta":"","astra-migrate-meta-layouts":"set","ast-page-background-enabled":"default","ast-page-background-meta":{"desktop":{"background-color":"","background-image":"","background-repeat":"repeat","background-position":"center center","background-size":"auto","background-attachment":"scroll","background-type":"","background-media":"","overlay-type":"","overlay-color":"","overlay-opacity":"","overlay-gradient":""},"tablet":{"background-color":"","background-image":"","background-repeat":"repeat","background-position":"center center","background-size":"auto","background-attachment":"scroll","background-type":"","background-media":"","overlay-type":"","overlay-color":"","overlay-opacity":"","overlay-gradient":""},"mobile":{"background-color":"","background-image":"","background-repeat":"repeat","background-position":"center center","background-size":"auto","background-attachment":"scroll","background-type":"","background-media":"","overlay-type":"","overlay-color":"","overlay-opacity":"","overlay-gradient":""}},"ast-content-background-meta":{"desktop":{"background-color":"var(--ast-global-color-5)","background-image":"","background-repeat":"repeat","background-position":"center center","background-size":"auto","background-attachment":"scroll","background-type":"","background-media":"","overlay-type":"","overlay-color":"","overlay-opacity":"","overlay-gradient":""},"tablet":{"background-color":"var(--ast-global-color-5)","background-image":"","background-repeat":"repeat","background-position":"center center","background-size":"auto","background-attachment":"scroll","background-type":"","background-media":"","overlay-type":"","overlay-color":"","overlay-opacity":"","overlay-gradient":""},"mobile":{"background-color":"var(--ast-global-color-5)","background-image":"","background-repeat":"repeat","background-position":"center center","background-size":"auto","background-attachment":"scroll","background-type":"","background-media":"","overlay-type":"","overlay-color":"","overlay-opacity":"","overlay-gradient":""}},"footnotes":""},"class_list":["post-105","page","type-page","status-publish","hentry"],"yoast_head":"<!-- This site is optimized with the Yoast SEO plugin v27.3 - https:\/\/yoast.com\/product\/yoast-seo-wordpress\/ -->\n<title>Termeni &amp; Condi\u021bii de Utilizare - The Light<\/title>\n<meta name=\"robots\" content=\"index, follow, max-snippet:-1, max-image-preview:large, max-video-preview:-1\" \/>\n<link rel=\"canonical\" href=\"https:\/\/the-light.ro\/ro\/terms-and-conditions0\/\" \/>\n<meta property=\"og:locale\" content=\"ro_RO\" \/>\n<meta property=\"og:type\" content=\"article\" \/>\n<meta property=\"og:title\" content=\"Termeni &amp; Condi\u021bii de Utilizare - The Light\" \/>\n<meta property=\"og:description\" content=\"Site-ul g\u0103zduit de domeniul&nbsp;www.the-light.ro&nbsp;este proprietatea societ\u0103\u021bii PUMAC S.A., persoana juridica romana, cu sediul social in Splaiul Independentei nr. 319L, Cladirea Paris, Intrarea C, Parter, [&hellip;]\" \/>\n<meta property=\"og:url\" content=\"https:\/\/the-light.ro\/ro\/terms-and-conditions0\/\" \/>\n<meta property=\"og:site_name\" content=\"The Light\" \/>\n<meta property=\"article:modified_time\" content=\"2026-02-15T22:44:40+00:00\" \/>\n<meta name=\"twitter:card\" content=\"summary_large_image\" \/>\n<meta name=\"twitter:label1\" content=\"Timp estimat pentru citire\" \/>\n\t<meta name=\"twitter:data1\" content=\"6 minute\" \/>\n<script type=\"application\/ld+json\" class=\"yoast-schema-graph\">{\"@context\":\"https:\\\/\\\/schema.org\",\"@graph\":[{\"@type\":\"WebPage\",\"@id\":\"https:\\\/\\\/the-light.ro\\\/terms-and-conditions0\\\/\",\"url\":\"https:\\\/\\\/the-light.ro\\\/terms-and-conditions0\\\/\",\"name\":\"Termeni &amp; Condi\u021bii de Utilizare - The Light\",\"isPartOf\":{\"@id\":\"https:\\\/\\\/the-light.ro\\\/ro\\\/#website\"},\"datePublished\":\"2020-10-03T16:13:35+00:00\",\"dateModified\":\"2026-02-15T22:44:40+00:00\",\"breadcrumb\":{\"@id\":\"https:\\\/\\\/the-light.ro\\\/terms-and-conditions0\\\/#breadcrumb\"},\"inLanguage\":\"ro-RO\",\"potentialAction\":[{\"@type\":\"ReadAction\",\"target\":[\"https:\\\/\\\/the-light.ro\\\/terms-and-conditions0\\\/\"]}]},{\"@type\":\"BreadcrumbList\",\"@id\":\"https:\\\/\\\/the-light.ro\\\/terms-and-conditions0\\\/#breadcrumb\",\"itemListElement\":[{\"@type\":\"ListItem\",\"position\":1,\"name\":\"Home\",\"item\":\"https:\\\/\\\/the-light.ro\\\/\"},{\"@type\":\"ListItem\",\"position\":2,\"name\":\"Termeni &amp; Condi\u021bii de Utilizare\"}]},{\"@type\":\"WebSite\",\"@id\":\"https:\\\/\\\/the-light.ro\\\/ro\\\/#website\",\"url\":\"https:\\\/\\\/the-light.ro\\\/ro\\\/\",\"name\":\"The Light\",\"description\":\"A perfect spot for innovation\",\"publisher\":{\"@id\":\"https:\\\/\\\/the-light.ro\\\/ro\\\/#organization\"},\"potentialAction\":[{\"@type\":\"SearchAction\",\"target\":{\"@type\":\"EntryPoint\",\"urlTemplate\":\"https:\\\/\\\/the-light.ro\\\/ro\\\/?s={search_term_string}\"},\"query-input\":{\"@type\":\"PropertyValueSpecification\",\"valueRequired\":true,\"valueName\":\"search_term_string\"}}],\"inLanguage\":\"ro-RO\"},{\"@type\":\"Organization\",\"@id\":\"https:\\\/\\\/the-light.ro\\\/ro\\\/#organization\",\"name\":\"The Light\",\"url\":\"https:\\\/\\\/the-light.ro\\\/ro\\\/\",\"logo\":{\"@type\":\"ImageObject\",\"inLanguage\":\"ro-RO\",\"@id\":\"https:\\\/\\\/the-light.ro\\\/ro\\\/#\\\/schema\\\/logo\\\/image\\\/\",\"url\":\"https:\\\/\\\/the-light.ro\\\/wp-content\\\/uploads\\\/2020\\\/11\\\/the-light.svg\",\"contentUrl\":\"https:\\\/\\\/the-light.ro\\\/wp-content\\\/uploads\\\/2020\\\/11\\\/the-light.svg\",\"width\":250,\"height\":42,\"caption\":\"The Light\"},\"image\":{\"@id\":\"https:\\\/\\\/the-light.ro\\\/ro\\\/#\\\/schema\\\/logo\\\/image\\\/\"}}]}<\/script>\n<!-- \/ Yoast SEO plugin. -->","yoast_head_json":{"title":"Termeni &amp; Condi\u021bii de Utilizare - The Light","robots":{"index":"index","follow":"follow","max-snippet":"max-snippet:-1","max-image-preview":"max-image-preview:large","max-video-preview":"max-video-preview:-1"},"canonical":"https:\/\/the-light.ro\/ro\/terms-and-conditions0\/","og_locale":"ro_RO","og_type":"article","og_title":"Termeni &amp; Condi\u021bii de Utilizare - The Light","og_description":"Site-ul g\u0103zduit de domeniul&nbsp;www.the-light.ro&nbsp;este proprietatea societ\u0103\u021bii PUMAC S.A., persoana juridica romana, cu sediul social in Splaiul Independentei nr. 319L, Cladirea Paris, Intrarea C, Parter, [&hellip;]","og_url":"https:\/\/the-light.ro\/ro\/terms-and-conditions0\/","og_site_name":"The Light","article_modified_time":"2026-02-15T22:44:40+00:00","twitter_card":"summary_large_image","twitter_misc":{"Timp estimat pentru citire":"6 minute"},"schema":{"@context":"https:\/\/schema.org","@graph":[{"@type":"WebPage","@id":"https:\/\/the-light.ro\/terms-and-conditions0\/","url":"https:\/\/the-light.ro\/terms-and-conditions0\/","name":"Termeni &amp; Condi\u021bii de Utilizare - The Light","isPartOf":{"@id":"https:\/\/the-light.ro\/ro\/#website"},"datePublished":"2020-10-03T16:13:35+00:00","dateModified":"2026-02-15T22:44:40+00:00","breadcrumb":{"@id":"https:\/\/the-light.ro\/terms-and-conditions0\/#breadcrumb"},"inLanguage":"ro-RO","potentialAction":[{"@type":"ReadAction","target":["https:\/\/the-light.ro\/terms-and-conditions0\/"]}]},{"@type":"BreadcrumbList","@id":"https:\/\/the-light.ro\/terms-and-conditions0\/#breadcrumb","itemListElement":[{"@type":"ListItem","position":1,"name":"Home","item":"https:\/\/the-light.ro\/"},{"@type":"ListItem","position":2,"name":"Termeni &amp; Condi\u021bii de Utilizare"}]},{"@type":"WebSite","@id":"https:\/\/the-light.ro\/ro\/#website","url":"https:\/\/the-light.ro\/ro\/","name":"The Light","description":"Un loc perfect pentru inova\u021bie","publisher":{"@id":"https:\/\/the-light.ro\/ro\/#organization"},"potentialAction":[{"@type":"SearchAction","target":{"@type":"EntryPoint","urlTemplate":"https:\/\/the-light.ro\/ro\/?s={search_term_string}"},"query-input":{"@type":"PropertyValueSpecification","valueRequired":true,"valueName":"search_term_string"}}],"inLanguage":"ro-RO"},{"@type":"Organization","@id":"https:\/\/the-light.ro\/ro\/#organization","name":"The Light","url":"https:\/\/the-light.ro\/ro\/","logo":{"@type":"ImageObject","inLanguage":"ro-RO","@id":"https:\/\/the-light.ro\/ro\/#\/schema\/logo\/image\/","url":"https:\/\/the-light.ro\/wp-content\/uploads\/2020\/11\/the-light.svg","contentUrl":"https:\/\/the-light.ro\/wp-content\/uploads\/2020\/11\/the-light.svg","width":250,"height":42,"caption":"The Light"},"image":{"@id":"https:\/\/the-light.ro\/ro\/#\/schema\/logo\/image\/"}}]}},"_links":{"self":[{"href":"https:\/\/the-light.ro\/ro\/wp-json\/wp\/v2\/pages\/105","targetHints":{"allow":["GET"]}}],"collection":[{"href":"https:\/\/the-light.ro\/ro\/wp-json\/wp\/v2\/pages"}],"about":[{"href":"https:\/\/the-light.ro\/ro\/wp-json\/wp\/v2\/types\/page"}],"author":[{"embeddable":true,"href":"https:\/\/the-light.ro\/ro\/wp-json\/wp\/v2\/users\/1"}],"replies":[{"embeddable":true,"href":"https:\/\/the-light.ro\/ro\/wp-json\/wp\/v2\/comments?post=105"}],"version-history":[{"count":6,"href":"https:\/\/the-light.ro\/ro\/wp-json\/wp\/v2\/pages\/105\/revisions"}],"predecessor-version":[{"id":4877,"href":"https:\/\/the-light.ro\/ro\/wp-json\/wp\/v2\/pages\/105\/revisions\/4877"}],"wp:attachment":[{"href":"https:\/\/the-light.ro\/ro\/wp-json\/wp\/v2\/media?parent=105"}],"curies":[{"name":"wp","href":"https:\/\/api.w.org\/{rel}","templated":true}]}}