{"id":1155,"date":"2021-01-15T13:41:46","date_gmt":"2021-01-15T13:41:46","guid":{"rendered":"https:\/\/the-light.ro\/?page_id=1155"},"modified":"2021-01-15T15:10:30","modified_gmt":"2021-01-15T15:10:30","slug":"_the-light-in-cifre","status":"publish","type":"page","link":"https:\/\/the-light.ro\/ro\/_the-light-in-cifre\/","title":{"rendered":"_the-light-in-cifre"},"content":{"rendered":"<div data-elementor-type=\"wp-page\" data-elementor-id=\"1155\" class=\"elementor elementor-1155\" data-elementor-post-type=\"page\">\n\t\t\t\t\t\t<section class=\"elementor-section elementor-top-section elementor-element elementor-element-c4e87e2 elementor-section-boxed elementor-section-height-default elementor-section-height-default\" data-id=\"c4e87e2\" data-element_type=\"section\" data-e-type=\"section\">\n\t\t\t\t\t\t<div class=\"elementor-container elementor-column-gap-default\">\n\t\t\t\t\t<div class=\"elementor-column elementor-col-100 elementor-top-column elementor-element elementor-element-f9517c2\" data-id=\"f9517c2\" data-element_type=\"column\" data-e-type=\"column\">\n\t\t\t<div class=\"elementor-widget-wrap elementor-element-populated\">\n\t\t\t\t\t\t<section class=\"elementor-section elementor-inner-section elementor-element elementor-element-2754c63 elementor-section-boxed elementor-section-height-default elementor-section-height-default\" data-id=\"2754c63\" data-element_type=\"section\" data-e-type=\"section\">\n\t\t\t\t\t\t<div class=\"elementor-container elementor-column-gap-default\">\n\t\t\t\t\t<div class=\"elementor-column elementor-col-33 elementor-inner-column elementor-element elementor-element-fd66bb1\" data-id=\"fd66bb1\" data-element_type=\"column\" data-e-type=\"column\">\n\t\t\t<div class=\"elementor-widget-wrap elementor-element-populated\">\n\t\t\t\t\t\t<div class=\"elementor-element elementor-element-c1cc0b5 elementor-widget elementor-widget-text-editor\" data-id=\"c1cc0b5\" data-element_type=\"widget\" data-e-type=\"widget\" data-widget_type=\"text-editor.default\">\n\t\t\t\t<div class=\"elementor-widget-container\">\n\t\t\t\t\t\t\t\t\t<p class=\"cifre\"><span class=\"c-top\">An \u00eencepere proiect<\/span><span class=\"c-middle\"><span class=\"c-cifra\">2017<\/span><span class=\"c-mii-mp\"><\/span><\/span><\/p>\t\t\t\t\t\t\t\t<\/div>\n\t\t\t\t<\/div>\n\t\t\t\t\t<\/div>\n\t\t<\/div>\n\t\t\t\t<div class=\"elementor-column elementor-col-33 elementor-inner-column elementor-element elementor-element-55086f1\" data-id=\"55086f1\" data-element_type=\"column\" data-e-type=\"column\">\n\t\t\t<div class=\"elementor-widget-wrap elementor-element-populated\">\n\t\t\t\t\t\t<div class=\"elementor-element elementor-element-46aef7a elementor-widget elementor-widget-text-editor\" data-id=\"46aef7a\" data-element_type=\"widget\" data-e-type=\"widget\" data-widget_type=\"text-editor.default\">\n\t\t\t\t<div class=\"elementor-widget-container\">\n\t\t\t\t\t\t\t\t\t<p class=\"cifre\"><span class=\"c-top\">Suprafa\u021b\u0103 total construit\u0103<\/span><span class=\"c-middle\"><span class=\"c-cifra\">147.925<\/span><span class=\"c-mii-mp\"> <span class=\"c-mp\">mp<\/span><\/span><\/span><\/p>\t\t\t\t\t\t\t\t<\/div>\n\t\t\t\t<\/div>\n\t\t\t\t\t<\/div>\n\t\t<\/div>\n\t\t\t\t<div class=\"elementor-column elementor-col-33 elementor-inner-column elementor-element elementor-element-911b867\" data-id=\"911b867\" data-element_type=\"column\" data-e-type=\"column\">\n\t\t\t<div class=\"elementor-widget-wrap elementor-element-populated\">\n\t\t\t\t\t\t<div class=\"elementor-element elementor-element-c6f218f elementor-widget elementor-widget-text-editor\" data-id=\"c6f218f\" data-element_type=\"widget\" data-e-type=\"widget\" data-widget_type=\"text-editor.default\">\n\t\t\t\t<div class=\"elementor-widget-container\">\n\t\t\t\t\t\t\t\t\t<p class=\"cifre\"><span class=\"c-top\">Suprafa\u021b\u0103 total \u00eenchiriabil\u0103<\/span><span class=\"c-middle\"><span class=\"c-cifra\">125.762<\/span><span class=\"c-mii-mp\"> <span class=\"c-mp\">mp<\/span><\/span><\/span><\/p>\t\t\t\t\t\t\t\t<\/div>\n\t\t\t\t<\/div>\n\t\t\t\t\t<\/div>\n\t\t<\/div>\n\t\t\t\t\t<\/div>\n\t\t<\/section>\n\t\t\t\t<div class=\"elementor-element elementor-element-9730eef elementor-widget elementor-widget-spacer\" data-id=\"9730eef\" data-element_type=\"widget\" data-e-type=\"widget\" data-widget_type=\"spacer.default\">\n\t\t\t\t<div class=\"elementor-widget-container\">\n\t\t\t\t\t\t\t<div class=\"elementor-spacer\">\n\t\t\t<div class=\"elementor-spacer-inner\"><\/div>\n\t\t<\/div>\n\t\t\t\t\t\t<\/div>\n\t\t\t\t<\/div>\n\t\t\t\t\t<\/div>\n\t\t<\/div>\n\t\t\t\t\t<\/div>\n\t\t<\/section>\n\t\t\t\t<section class=\"elementor-section elementor-top-section elementor-element elementor-element-72e0633 cifre-small elementor-section-boxed elementor-section-height-default elementor-section-height-default\" data-id=\"72e0633\" data-element_type=\"section\" data-e-type=\"section\">\n\t\t\t\t\t\t<div class=\"elementor-container elementor-column-gap-default\">\n\t\t\t\t\t<div class=\"elementor-column elementor-col-50 elementor-top-column elementor-element elementor-element-5618628\" data-id=\"5618628\" data-element_type=\"column\" data-e-type=\"column\">\n\t\t\t<div class=\"elementor-widget-wrap elementor-element-populated\">\n\t\t\t\t\t\t<section class=\"elementor-section elementor-inner-section elementor-element elementor-element-20654b5 elementor-section-boxed elementor-section-height-default elementor-section-height-default\" data-id=\"20654b5\" data-element_type=\"section\" data-e-type=\"section\">\n\t\t\t\t\t\t<div class=\"elementor-container elementor-column-gap-default\">\n\t\t\t\t\t<div class=\"elementor-column elementor-col-100 elementor-inner-column elementor-element elementor-element-0cf7cbe\" data-id=\"0cf7cbe\" data-element_type=\"column\" data-e-type=\"column\">\n\t\t\t<div class=\"elementor-widget-wrap elementor-element-populated\">\n\t\t\t\t\t\t<div class=\"elementor-element elementor-element-5c92850 elementor-widget elementor-widget-text-editor\" data-id=\"5c92850\" data-element_type=\"widget\" data-e-type=\"widget\" data-widget_type=\"text-editor.default\">\n\t\t\t\t<div class=\"elementor-widget-container\">\n\t\t\t\t\t\t\t\t\t<i class=\"fas fa-building\"><\/i> Birouri\t\t\t\t\t\t\t\t<\/div>\n\t\t\t\t<\/div>\n\t\t\t\t\t<\/div>\n\t\t<\/div>\n\t\t\t\t\t<\/div>\n\t\t<\/section>\n\t\t\t\t<section class=\"elementor-section elementor-inner-section elementor-element elementor-element-33c7932 elementor-section-boxed elementor-section-height-default elementor-section-height-default\" data-id=\"33c7932\" data-element_type=\"section\" data-e-type=\"section\">\n\t\t\t\t\t\t<div class=\"elementor-container elementor-column-gap-default\">\n\t\t\t\t\t<div class=\"elementor-column elementor-col-33 elementor-inner-column elementor-element elementor-element-bfcce00\" data-id=\"bfcce00\" data-element_type=\"column\" data-e-type=\"column\">\n\t\t\t<div class=\"elementor-widget-wrap elementor-element-populated\">\n\t\t\t\t\t\t<div class=\"elementor-element elementor-element-b204ec8 elementor-widget elementor-widget-text-editor\" data-id=\"b204ec8\" data-element_type=\"widget\" data-e-type=\"widget\" data-widget_type=\"text-editor.default\">\n\t\t\t\t<div class=\"elementor-widget-container\">\n\t\t\t\t\t\t\t\t\t<p class=\"cifre\"><span class=\"c-top\">Suprafa\u021b\u0103 total construit\u0103<\/span><span class=\"c-middle\"><span class=\"c-cifra\">108.111<\/span><span class=\"c-mii-mp\"> <span class=\"c-mp\">mp<\/span><\/span><\/span><\/p>\t\t\t\t\t\t\t\t<\/div>\n\t\t\t\t<\/div>\n\t\t\t\t\t<\/div>\n\t\t<\/div>\n\t\t\t\t<div class=\"elementor-column elementor-col-33 elementor-inner-column elementor-element elementor-element-07f78ac\" data-id=\"07f78ac\" data-element_type=\"column\" data-e-type=\"column\">\n\t\t\t<div class=\"elementor-widget-wrap elementor-element-populated\">\n\t\t\t\t\t\t<div class=\"elementor-element elementor-element-f1484ff elementor-widget elementor-widget-text-editor\" data-id=\"f1484ff\" data-element_type=\"widget\" data-e-type=\"widget\" data-widget_type=\"text-editor.default\">\n\t\t\t\t<div class=\"elementor-widget-container\">\n\t\t\t\t\t\t\t\t\t<p class=\"cifre\"><span class=\"c-top\">Suprafa\u021b\u0103 total \u00eenchiriabil\u0103<\/span><span class=\"c-middle\"><span class=\"c-cifra\">98.812<\/span><span class=\"c-mii-mp\"> <span class=\"c-mp\">mp<\/span><\/span><\/span><\/p>\t\t\t\t\t\t\t\t<\/div>\n\t\t\t\t<\/div>\n\t\t\t\t\t<\/div>\n\t\t<\/div>\n\t\t\t\t<div class=\"elementor-column elementor-col-33 elementor-inner-column elementor-element elementor-element-544147b\" data-id=\"544147b\" data-element_type=\"column\" data-e-type=\"column\">\n\t\t\t<div class=\"elementor-widget-wrap elementor-element-populated\">\n\t\t\t\t\t\t<div class=\"elementor-element elementor-element-ae6b9d7 elementor-widget elementor-widget-text-editor\" data-id=\"ae6b9d7\" data-element_type=\"widget\" data-e-type=\"widget\" data-widget_type=\"text-editor.default\">\n\t\t\t\t<div class=\"elementor-widget-container\">\n\t\t\t\t\t\t\t\t\t<p class=\"cifre\"><span class=\"c-top\">Locuri de parcare<\/span><span class=\"c-middle\"><span class=\"c-cifra\">1065<\/span><span class=\"c-mii-mp\"><\/span><\/span><\/p>\t\t\t\t\t\t\t\t<\/div>\n\t\t\t\t<\/div>\n\t\t\t\t\t<\/div>\n\t\t<\/div>\n\t\t\t\t\t<\/div>\n\t\t<\/section>\n\t\t\t\t\t<\/div>\n\t\t<\/div>\n\t\t\t\t<div class=\"elementor-column elementor-col-50 elementor-top-column elementor-element elementor-element-d9a67bf\" data-id=\"d9a67bf\" data-element_type=\"column\" data-e-type=\"column\">\n\t\t\t<div class=\"elementor-widget-wrap elementor-element-populated\">\n\t\t\t\t\t\t<section class=\"elementor-section elementor-inner-section elementor-element elementor-element-5d0b996 elementor-section-boxed elementor-section-height-default elementor-section-height-default\" data-id=\"5d0b996\" data-element_type=\"section\" data-e-type=\"section\">\n\t\t\t\t\t\t<div class=\"elementor-container elementor-column-gap-default\">\n\t\t\t\t\t<div class=\"elementor-column elementor-col-100 elementor-inner-column elementor-element elementor-element-bc71c8c\" data-id=\"bc71c8c\" data-element_type=\"column\" data-e-type=\"column\">\n\t\t\t<div class=\"elementor-widget-wrap elementor-element-populated\">\n\t\t\t\t\t\t<div class=\"elementor-element elementor-element-d2c2dca elementor-widget elementor-widget-text-editor\" data-id=\"d2c2dca\" data-element_type=\"widget\" data-e-type=\"widget\" data-widget_type=\"text-editor.default\">\n\t\t\t\t<div class=\"elementor-widget-container\">\n\t\t\t\t\t\t\t\t\t<i class=\"fas fa-home\"><\/i> Reziden\u021bial\t\t\t\t\t\t\t\t<\/div>\n\t\t\t\t<\/div>\n\t\t\t\t\t<\/div>\n\t\t<\/div>\n\t\t\t\t\t<\/div>\n\t\t<\/section>\n\t\t\t\t<section class=\"elementor-section elementor-inner-section elementor-element elementor-element-b1d0b7e elementor-section-boxed elementor-section-height-default elementor-section-height-default\" data-id=\"b1d0b7e\" data-element_type=\"section\" data-e-type=\"section\">\n\t\t\t\t\t\t<div class=\"elementor-container elementor-column-gap-default\">\n\t\t\t\t\t<div class=\"elementor-column elementor-col-33 elementor-inner-column elementor-element elementor-element-80d5b59\" data-id=\"80d5b59\" data-element_type=\"column\" data-e-type=\"column\">\n\t\t\t<div class=\"elementor-widget-wrap elementor-element-populated\">\n\t\t\t\t\t\t<div class=\"elementor-element elementor-element-e5b286a elementor-widget elementor-widget-text-editor\" data-id=\"e5b286a\" data-element_type=\"widget\" data-e-type=\"widget\" data-widget_type=\"text-editor.default\">\n\t\t\t\t<div class=\"elementor-widget-container\">\n\t\t\t\t\t\t\t\t\t<p class=\"cifre\"><span class=\"c-top\">Suprafa\u021b\u0103 total construit\u0103<\/span><span class=\"c-middle\"><span class=\"c-cifra\">39.814<\/span><span class=\"c-mii-mp\"> <span class=\"c-mp\">mp<\/span><\/span><\/span><\/p>\t\t\t\t\t\t\t\t<\/div>\n\t\t\t\t<\/div>\n\t\t\t\t\t<\/div>\n\t\t<\/div>\n\t\t\t\t<div class=\"elementor-column elementor-col-33 elementor-inner-column elementor-element elementor-element-914d5d2\" data-id=\"914d5d2\" data-element_type=\"column\" data-e-type=\"column\">\n\t\t\t<div class=\"elementor-widget-wrap elementor-element-populated\">\n\t\t\t\t\t\t<div class=\"elementor-element elementor-element-bc391a5 elementor-widget elementor-widget-text-editor\" data-id=\"bc391a5\" data-element_type=\"widget\" data-e-type=\"widget\" data-widget_type=\"text-editor.default\">\n\t\t\t\t<div class=\"elementor-widget-container\">\n\t\t\t\t\t\t\t\t\t<p class=\"cifre\"><span class=\"c-top\">Suprafa\u021b\u0103 total \u00eenchiriabil\u0103<\/span><span class=\"c-middle\"><span class=\"c-cifra\">26.950<\/span><span class=\"c-mii-mp\"> <span class=\"c-mp\">mp<\/span><\/span><\/span><\/p>\t\t\t\t\t\t\t\t<\/div>\n\t\t\t\t<\/div>\n\t\t\t\t\t<\/div>\n\t\t<\/div>\n\t\t\t\t<div class=\"elementor-column elementor-col-33 elementor-inner-column elementor-element elementor-element-b590e10\" data-id=\"b590e10\" data-element_type=\"column\" data-e-type=\"column\">\n\t\t\t<div class=\"elementor-widget-wrap elementor-element-populated\">\n\t\t\t\t\t\t<div class=\"elementor-element elementor-element-fdbc20e elementor-widget elementor-widget-text-editor\" data-id=\"fdbc20e\" data-element_type=\"widget\" data-e-type=\"widget\" data-widget_type=\"text-editor.default\">\n\t\t\t\t<div class=\"elementor-widget-container\">\n\t\t\t\t\t\t\t\t\t<p class=\"cifre\"><span class=\"c-top\">Locuri de parcare<\/span><span class=\"c-middle\"><span class=\"c-cifra\">563<\/span><span class=\"c-mii-mp\"><\/span><\/span><\/p>\t\t\t\t\t\t\t\t<\/div>\n\t\t\t\t<\/div>\n\t\t\t\t\t<\/div>\n\t\t<\/div>\n\t\t\t\t\t<\/div>\n\t\t<\/section>\n\t\t\t\t\t<\/div>\n\t\t<\/div>\n\t\t\t\t\t<\/div>\n\t\t<\/section>\n\t\t\t\t<\/div>","protected":false},"excerpt":{"rendered":"<p>Project start year2017 Gross built area147.925 sqm Gross leasable area125.762 sqm Office Gross built area108.111 sqm Gross leasable area98.812 sqm Parking spaces1065 Residential Gross [&hellip;]<\/p>\n","protected":false},"author":1,"featured_media":0,"parent":0,"menu_order":0,"comment_status":"closed","ping_status":"closed","template":"","meta":{"site-sidebar-layout":"no-sidebar","site-content-layout":"page-builder","ast-site-content-layout":"default","site-content-style":"default","site-sidebar-style":"default","ast-global-header-display":"","ast-banner-title-visibility":"","ast-main-header-display":"","ast-hfb-above-header-display":"","ast-hfb-below-header-display":"","ast-hfb-mobile-header-display":"","site-post-title":"disabled","ast-breadcrumbs-content":"","ast-featured-img":"disabled","footer-sml-layout":"","ast-disable-related-posts":"","theme-transparent-header-meta":"default","adv-header-id-meta":"","stick-header-meta":"default","header-above-stick-meta":"","header-main-stick-meta":"","header-below-stick-meta":"","astra-migrate-meta-layouts":"default","ast-page-background-enabled":"default","ast-page-background-meta":{"desktop":{"background-color":"","background-image":"","background-repeat":"repeat","background-position":"center center","background-size":"auto","background-attachment":"scroll","background-type":"","background-media":"","overlay-type":"","overlay-color":"","overlay-opacity":"","overlay-gradient":""},"tablet":{"background-color":"","background-image":"","background-repeat":"repeat","background-position":"center center","background-size":"auto","background-attachment":"scroll","background-type":"","background-media":"","overlay-type":"","overlay-color":"","overlay-opacity":"","overlay-gradient":""},"mobile":{"background-color":"","background-image":"","background-repeat":"repeat","background-position":"center center","background-size":"auto","background-attachment":"scroll","background-type":"","background-media":"","overlay-type":"","overlay-color":"","overlay-opacity":"","overlay-gradient":""}},"ast-content-background-meta":{"desktop":{"background-color":"var(--ast-global-color-5)","background-image":"","background-repeat":"repeat","background-position":"center center","background-size":"auto","background-attachment":"scroll","background-type":"","background-media":"","overlay-type":"","overlay-color":"","overlay-opacity":"","overlay-gradient":""},"tablet":{"background-color":"var(--ast-global-color-5)","background-image":"","background-repeat":"repeat","background-position":"center center","background-size":"auto","background-attachment":"scroll","background-type":"","background-media":"","overlay-type":"","overlay-color":"","overlay-opacity":"","overlay-gradient":""},"mobile":{"background-color":"var(--ast-global-color-5)","background-image":"","background-repeat":"repeat","background-position":"center center","background-size":"auto","background-attachment":"scroll","background-type":"","background-media":"","overlay-type":"","overlay-color":"","overlay-opacity":"","overlay-gradient":""}},"footnotes":""},"class_list":["post-1155","page","type-page","status-publish","hentry"],"yoast_head":"<!-- This site is optimized with the Yoast SEO plugin v27.5 - https:\/\/yoast.com\/product\/yoast-seo-wordpress\/ -->\n<title>_the-light-in-cifre - The Light<\/title>\n<meta name=\"robots\" content=\"index, follow, max-snippet:-1, max-image-preview:large, max-video-preview:-1\" \/>\n<link rel=\"canonical\" href=\"https:\/\/the-light.ro\/ro\/_the-light-in-cifre\/\" \/>\n<meta property=\"og:locale\" content=\"ro_RO\" \/>\n<meta property=\"og:type\" content=\"article\" \/>\n<meta property=\"og:title\" content=\"_the-light-in-cifre - The Light\" \/>\n<meta property=\"og:description\" content=\"Project start year2017 Gross built area147.925 sqm Gross leasable area125.762 sqm Office Gross built area108.111 sqm Gross leasable area98.812 sqm Parking spaces1065 Residential Gross [&hellip;]\" \/>\n<meta property=\"og:url\" content=\"https:\/\/the-light.ro\/ro\/_the-light-in-cifre\/\" \/>\n<meta property=\"og:site_name\" content=\"The Light\" \/>\n<meta property=\"article:modified_time\" content=\"2021-01-15T15:10:30+00:00\" \/>\n<meta name=\"twitter:card\" content=\"summary_large_image\" \/>\n<script type=\"application\/ld+json\" class=\"yoast-schema-graph\">{\"@context\":\"https:\\\/\\\/schema.org\",\"@graph\":[{\"@type\":\"WebPage\",\"@id\":\"https:\\\/\\\/the-light.ro\\\/ro\\\/_the-light-in-cifre\\\/\",\"url\":\"https:\\\/\\\/the-light.ro\\\/ro\\\/_the-light-in-cifre\\\/\",\"name\":\"_the-light-in-cifre - The Light\",\"isPartOf\":{\"@id\":\"https:\\\/\\\/the-light.ro\\\/ro\\\/#website\"},\"datePublished\":\"2021-01-15T13:41:46+00:00\",\"dateModified\":\"2021-01-15T15:10:30+00:00\",\"breadcrumb\":{\"@id\":\"https:\\\/\\\/the-light.ro\\\/ro\\\/_the-light-in-cifre\\\/#breadcrumb\"},\"inLanguage\":\"ro-RO\",\"potentialAction\":[{\"@type\":\"ReadAction\",\"target\":[\"https:\\\/\\\/the-light.ro\\\/ro\\\/_the-light-in-cifre\\\/\"]}]},{\"@type\":\"BreadcrumbList\",\"@id\":\"https:\\\/\\\/the-light.ro\\\/ro\\\/_the-light-in-cifre\\\/#breadcrumb\",\"itemListElement\":[{\"@type\":\"ListItem\",\"position\":1,\"name\":\"Home\",\"item\":\"https:\\\/\\\/the-light.ro\\\/\"},{\"@type\":\"ListItem\",\"position\":2,\"name\":\"_the-light-in-cifre\"}]},{\"@type\":\"WebSite\",\"@id\":\"https:\\\/\\\/the-light.ro\\\/ro\\\/#website\",\"url\":\"https:\\\/\\\/the-light.ro\\\/ro\\\/\",\"name\":\"The Light\",\"description\":\"A perfect spot for innovation\",\"publisher\":{\"@id\":\"https:\\\/\\\/the-light.ro\\\/ro\\\/#organization\"},\"potentialAction\":[{\"@type\":\"SearchAction\",\"target\":{\"@type\":\"EntryPoint\",\"urlTemplate\":\"https:\\\/\\\/the-light.ro\\\/ro\\\/?s={search_term_string}\"},\"query-input\":{\"@type\":\"PropertyValueSpecification\",\"valueRequired\":true,\"valueName\":\"search_term_string\"}}],\"inLanguage\":\"ro-RO\"},{\"@type\":\"Organization\",\"@id\":\"https:\\\/\\\/the-light.ro\\\/ro\\\/#organization\",\"name\":\"The Light\",\"url\":\"https:\\\/\\\/the-light.ro\\\/ro\\\/\",\"logo\":{\"@type\":\"ImageObject\",\"inLanguage\":\"ro-RO\",\"@id\":\"https:\\\/\\\/the-light.ro\\\/ro\\\/#\\\/schema\\\/logo\\\/image\\\/\",\"url\":\"https:\\\/\\\/the-light.ro\\\/wp-content\\\/uploads\\\/2020\\\/11\\\/the-light.svg\",\"contentUrl\":\"https:\\\/\\\/the-light.ro\\\/wp-content\\\/uploads\\\/2020\\\/11\\\/the-light.svg\",\"width\":250,\"height\":42,\"caption\":\"The Light\"},\"image\":{\"@id\":\"https:\\\/\\\/the-light.ro\\\/ro\\\/#\\\/schema\\\/logo\\\/image\\\/\"}}]}<\/script>\n<!-- \/ Yoast SEO plugin. -->","yoast_head_json":{"title":"_the-light-in-cifre - The Light","robots":{"index":"index","follow":"follow","max-snippet":"max-snippet:-1","max-image-preview":"max-image-preview:large","max-video-preview":"max-video-preview:-1"},"canonical":"https:\/\/the-light.ro\/ro\/_the-light-in-cifre\/","og_locale":"ro_RO","og_type":"article","og_title":"_the-light-in-cifre - The Light","og_description":"Project start year2017 Gross built area147.925 sqm Gross leasable area125.762 sqm Office Gross built area108.111 sqm Gross leasable area98.812 sqm Parking spaces1065 Residential Gross [&hellip;]","og_url":"https:\/\/the-light.ro\/ro\/_the-light-in-cifre\/","og_site_name":"The Light","article_modified_time":"2021-01-15T15:10:30+00:00","twitter_card":"summary_large_image","schema":{"@context":"https:\/\/schema.org","@graph":[{"@type":"WebPage","@id":"https:\/\/the-light.ro\/ro\/_the-light-in-cifre\/","url":"https:\/\/the-light.ro\/ro\/_the-light-in-cifre\/","name":"_the-light-in-cifre - The Light","isPartOf":{"@id":"https:\/\/the-light.ro\/ro\/#website"},"datePublished":"2021-01-15T13:41:46+00:00","dateModified":"2021-01-15T15:10:30+00:00","breadcrumb":{"@id":"https:\/\/the-light.ro\/ro\/_the-light-in-cifre\/#breadcrumb"},"inLanguage":"ro-RO","potentialAction":[{"@type":"ReadAction","target":["https:\/\/the-light.ro\/ro\/_the-light-in-cifre\/"]}]},{"@type":"BreadcrumbList","@id":"https:\/\/the-light.ro\/ro\/_the-light-in-cifre\/#breadcrumb","itemListElement":[{"@type":"ListItem","position":1,"name":"Home","item":"https:\/\/the-light.ro\/"},{"@type":"ListItem","position":2,"name":"_the-light-in-cifre"}]},{"@type":"WebSite","@id":"https:\/\/the-light.ro\/ro\/#website","url":"https:\/\/the-light.ro\/ro\/","name":"The Light","description":"Un loc perfect pentru inova\u021bie","publisher":{"@id":"https:\/\/the-light.ro\/ro\/#organization"},"potentialAction":[{"@type":"SearchAction","target":{"@type":"EntryPoint","urlTemplate":"https:\/\/the-light.ro\/ro\/?s={search_term_string}"},"query-input":{"@type":"PropertyValueSpecification","valueRequired":true,"valueName":"search_term_string"}}],"inLanguage":"ro-RO"},{"@type":"Organization","@id":"https:\/\/the-light.ro\/ro\/#organization","name":"The Light","url":"https:\/\/the-light.ro\/ro\/","logo":{"@type":"ImageObject","inLanguage":"ro-RO","@id":"https:\/\/the-light.ro\/ro\/#\/schema\/logo\/image\/","url":"https:\/\/the-light.ro\/wp-content\/uploads\/2020\/11\/the-light.svg","contentUrl":"https:\/\/the-light.ro\/wp-content\/uploads\/2020\/11\/the-light.svg","width":250,"height":42,"caption":"The Light"},"image":{"@id":"https:\/\/the-light.ro\/ro\/#\/schema\/logo\/image\/"}}]}},"_links":{"self":[{"href":"https:\/\/the-light.ro\/ro\/wp-json\/wp\/v2\/pages\/1155","targetHints":{"allow":["GET"]}}],"collection":[{"href":"https:\/\/the-light.ro\/ro\/wp-json\/wp\/v2\/pages"}],"about":[{"href":"https:\/\/the-light.ro\/ro\/wp-json\/wp\/v2\/types\/page"}],"author":[{"embeddable":true,"href":"https:\/\/the-light.ro\/ro\/wp-json\/wp\/v2\/users\/1"}],"replies":[{"embeddable":true,"href":"https:\/\/the-light.ro\/ro\/wp-json\/wp\/v2\/comments?post=1155"}],"version-history":[{"count":29,"href":"https:\/\/the-light.ro\/ro\/wp-json\/wp\/v2\/pages\/1155\/revisions"}],"predecessor-version":[{"id":1191,"href":"https:\/\/the-light.ro\/ro\/wp-json\/wp\/v2\/pages\/1155\/revisions\/1191"}],"wp:attachment":[{"href":"https:\/\/the-light.ro\/ro\/wp-json\/wp\/v2\/media?parent=1155"}],"curies":[{"name":"wp","href":"https:\/\/api.w.org\/{rel}","templated":true}]}}