{"id":22,"date":"2020-10-03T09:16:19","date_gmt":"2020-10-03T09:16:19","guid":{"rendered":"https:\/\/the-light.ro\/?page_id=22"},"modified":"2024-09-24T15:34:16","modified_gmt":"2024-09-24T12:34:16","slug":"contact","status":"publish","type":"page","link":"https:\/\/the-light.ro\/ro\/contact\/","title":{"rendered":"Contact"},"content":{"rendered":"<div data-elementor-type=\"wp-page\" data-elementor-id=\"22\" class=\"elementor elementor-22\" data-elementor-post-type=\"page\">\n\t\t\t\t\t\t<section class=\"elementor-section elementor-top-section elementor-element elementor-element-260b652 elementor-section-boxed elementor-section-height-default elementor-section-height-default elementor-invisible\" data-id=\"260b652\" data-element_type=\"section\" data-e-type=\"section\" data-settings=\"{&quot;animation&quot;:&quot;fadeInUp&quot;}\">\n\t\t\t\t\t\t<div class=\"elementor-container elementor-column-gap-default\">\n\t\t\t\t\t<div class=\"elementor-column elementor-col-100 elementor-top-column elementor-element elementor-element-cf976fc\" data-id=\"cf976fc\" data-element_type=\"column\" data-e-type=\"column\">\n\t\t\t<div class=\"elementor-widget-wrap elementor-element-populated\">\n\t\t\t\t\t\t<div class=\"elementor-element elementor-element-da4d605 elementor-widget elementor-widget-spacer\" data-id=\"da4d605\" data-element_type=\"widget\" data-e-type=\"widget\" data-widget_type=\"spacer.default\">\n\t\t\t\t<div class=\"elementor-widget-container\">\n\t\t\t\t\t\t\t<div class=\"elementor-spacer\">\n\t\t\t<div class=\"elementor-spacer-inner\"><\/div>\n\t\t<\/div>\n\t\t\t\t\t\t<\/div>\n\t\t\t\t<\/div>\n\t\t\t\t<div class=\"elementor-element elementor-element-36e9abb elementor-widget elementor-widget-heading\" data-id=\"36e9abb\" data-element_type=\"widget\" data-e-type=\"widget\" data-widget_type=\"heading.default\">\n\t\t\t\t<div class=\"elementor-widget-container\">\n\t\t\t\t\t<h2 class=\"elementor-heading-title elementor-size-default\">\u00cencepi proiectele \u00eempreun\u0103 cu noi.<\/h2>\t\t\t\t<\/div>\n\t\t\t\t<\/div>\n\t\t\t\t<div class=\"elementor-element elementor-element-fd544a3 elementor-widget elementor-widget-spacer\" data-id=\"fd544a3\" data-element_type=\"widget\" data-e-type=\"widget\" data-widget_type=\"spacer.default\">\n\t\t\t\t<div class=\"elementor-widget-container\">\n\t\t\t\t\t\t\t<div class=\"elementor-spacer\">\n\t\t\t<div class=\"elementor-spacer-inner\"><\/div>\n\t\t<\/div>\n\t\t\t\t\t\t<\/div>\n\t\t\t\t<\/div>\n\t\t\t\t\t<\/div>\n\t\t<\/div>\n\t\t\t\t\t<\/div>\n\t\t<\/section>\n\t\t\t\t<section class=\"elementor-section elementor-top-section elementor-element elementor-element-f49e129 contact-block elementor-section-boxed elementor-section-height-default elementor-section-height-default elementor-invisible\" data-id=\"f49e129\" data-element_type=\"section\" data-e-type=\"section\" data-settings=\"{&quot;animation&quot;:&quot;fadeInUp&quot;}\">\n\t\t\t\t\t\t<div class=\"elementor-container elementor-column-gap-no\">\n\t\t\t\t\t<div class=\"elementor-column elementor-col-50 elementor-top-column elementor-element elementor-element-d5982b9\" data-id=\"d5982b9\" data-element_type=\"column\" data-e-type=\"column\">\n\t\t\t<div class=\"elementor-widget-wrap elementor-element-populated\">\n\t\t\t\t\t\t<div class=\"elementor-element elementor-element-5590749 uk-position-cover uk-animation-kenburns uk-animation-reverse uk-transform-origin-top-center elementor-widget elementor-widget-image\" data-id=\"5590749\" data-element_type=\"widget\" data-e-type=\"widget\" data-settings=\"{&quot;_animation&quot;:&quot;none&quot;}\" data-widget_type=\"image.default\">\n\t\t\t\t<div class=\"elementor-widget-container\">\n\t\t\t\t\t\t\t\t\t\t\t\t\t\t\t<img fetchpriority=\"high\" decoding=\"async\" width=\"1799\" height=\"1013\" src=\"https:\/\/the-light.ro\/wp-content\/uploads\/2020\/10\/location-drona-buildings.jpeg\" class=\"attachment-full size-full wp-image-174\" alt=\"\" srcset=\"https:\/\/the-light.ro\/wp-content\/uploads\/2020\/10\/location-drona-buildings.jpeg 1799w, https:\/\/the-light.ro\/wp-content\/uploads\/2020\/10\/location-drona-buildings-300x169.jpeg 300w, https:\/\/the-light.ro\/wp-content\/uploads\/2020\/10\/location-drona-buildings-1024x577.jpeg 1024w, https:\/\/the-light.ro\/wp-content\/uploads\/2020\/10\/location-drona-buildings-768x432.jpeg 768w, https:\/\/the-light.ro\/wp-content\/uploads\/2020\/10\/location-drona-buildings-1536x865.jpeg 1536w\" sizes=\"(max-width: 1799px) 100vw, 1799px\" \/>\t\t\t\t\t\t\t\t\t\t\t\t\t\t\t<\/div>\n\t\t\t\t<\/div>\n\t\t\t\t<div class=\"elementor-element elementor-element-80305af elementor-absolute elementor-widget elementor-widget-button\" data-id=\"80305af\" data-element_type=\"widget\" data-e-type=\"widget\" data-settings=\"{&quot;_position&quot;:&quot;absolute&quot;}\" data-widget_type=\"button.default\">\n\t\t\t\t<div class=\"elementor-widget-container\">\n\t\t\t\t\t\t\t\t\t<div class=\"elementor-button-wrapper\">\n\t\t\t\t\t<a class=\"elementor-button elementor-button-link elementor-size-sm\" href=\"https:\/\/www.google.com\/maps\/place\/The+Light\/@44.4349326,26.0488116,17z\/data=!3m1!4b1!4m5!3m4!1s0x40b201c51d305553:0xa9590c3b2e9fdae2!8m2!3d44.4349326!4d26.0510003?hl=ro\" target=\"_blank\">\n\t\t\t\t\t\t<span class=\"elementor-button-content-wrapper\">\n\t\t\t\t\t\t\t\t\t<span class=\"elementor-button-text\">View Map<\/span>\n\t\t\t\t\t<\/span>\n\t\t\t\t\t<\/a>\n\t\t\t\t<\/div>\n\t\t\t\t\t\t\t\t<\/div>\n\t\t\t\t<\/div>\n\t\t\t\t\t<\/div>\n\t\t<\/div>\n\t\t\t\t<div class=\"elementor-column elementor-col-50 elementor-top-column elementor-element elementor-element-cfaee9d\" data-id=\"cfaee9d\" data-element_type=\"column\" data-e-type=\"column\">\n\t\t\t<div class=\"elementor-widget-wrap elementor-element-populated\">\n\t\t\t\t\t\t<div class=\"elementor-element elementor-element-2dbe726 elementor-widget elementor-widget-text-editor\" data-id=\"2dbe726\" data-element_type=\"widget\" data-e-type=\"widget\" data-widget_type=\"text-editor.default\">\n\t\t\t\t<div class=\"elementor-widget-container\">\n\t\t\t\t\t\t\t\t\t<h4>The Light<\/h4><p>Blvd. Iuliu Maniu nr. 6R, Sector 6, Bucure\u0219ti<\/p><p>+4 021 313 20 94<\/p><p>office@the-light.ro<\/p>\t\t\t\t\t\t\t\t<\/div>\n\t\t\t\t<\/div>\n\t\t\t\t<div class=\"elementor-element elementor-element-d48609c elementor-widget elementor-widget-spacer\" data-id=\"d48609c\" data-element_type=\"widget\" data-e-type=\"widget\" data-widget_type=\"spacer.default\">\n\t\t\t\t<div class=\"elementor-widget-container\">\n\t\t\t\t\t\t\t<div class=\"elementor-spacer\">\n\t\t\t<div class=\"elementor-spacer-inner\"><\/div>\n\t\t<\/div>\n\t\t\t\t\t\t<\/div>\n\t\t\t\t<\/div>\n\t\t\t\t<div class=\"elementor-element elementor-element-095389b elementor-widget elementor-widget-text-editor\" data-id=\"095389b\" data-element_type=\"widget\" data-e-type=\"widget\" data-widget_type=\"text-editor.default\">\n\t\t\t\t<div class=\"elementor-widget-container\">\n\t\t\t\t\t\t\t\t\t<h4>Contacte leasing<\/h4><p><b>Ana-Maria Pascu<\/b><\/p><p>Leasing manager<\/p><p><a class=\"form-links\" href=\"tel:+40752440001\">+40 752 440 001<\/a><\/p><p><a href=\"mailto:ana-maria.pascu@sema.ro\">ana-maria.pascu@sema.ro<\/a><\/p>\t\t\t\t\t\t\t\t<\/div>\n\t\t\t\t<\/div>\n\t\t\t\t<div class=\"elementor-element elementor-element-7b012b0 elementor-widget elementor-widget-spacer\" data-id=\"7b012b0\" data-element_type=\"widget\" data-e-type=\"widget\" data-widget_type=\"spacer.default\">\n\t\t\t\t<div class=\"elementor-widget-container\">\n\t\t\t\t\t\t\t<div class=\"elementor-spacer\">\n\t\t\t<div class=\"elementor-spacer-inner\"><\/div>\n\t\t<\/div>\n\t\t\t\t\t\t<\/div>\n\t\t\t\t<\/div>\n\t\t\t\t\t<\/div>\n\t\t<\/div>\n\t\t\t\t\t<\/div>\n\t\t<\/section>\n\t\t\t\t<section class=\"elementor-section elementor-top-section elementor-element elementor-element-25266aa elementor-section-boxed elementor-section-height-default elementor-section-height-default elementor-invisible\" data-id=\"25266aa\" data-element_type=\"section\" data-e-type=\"section\" data-settings=\"{&quot;animation&quot;:&quot;fadeInUp&quot;}\">\n\t\t\t\t\t\t<div class=\"elementor-container elementor-column-gap-default\">\n\t\t\t\t\t<div class=\"elementor-column elementor-col-100 elementor-top-column elementor-element elementor-element-4e57822\" data-id=\"4e57822\" data-element_type=\"column\" data-e-type=\"column\">\n\t\t\t<div class=\"elementor-widget-wrap elementor-element-populated\">\n\t\t\t\t\t\t<div class=\"elementor-element elementor-element-1fd506e elementor-widget elementor-widget-shortcode\" data-id=\"1fd506e\" data-element_type=\"widget\" data-e-type=\"widget\" data-widget_type=\"shortcode.default\">\n\t\t\t\t<div class=\"elementor-widget-container\">\n\t\t\t\t\t\t\t<div class=\"elementor-shortcode\">\n<div class=\"wpcf7 no-js\" id=\"wpcf7-f603-o1\" lang=\"en-US\" dir=\"ltr\" data-wpcf7-id=\"603\">\n<div class=\"screen-reader-response\"><p role=\"status\" aria-live=\"polite\" aria-atomic=\"true\"><\/p> <ul><\/ul><\/div>\n<form action=\"\/ro\/wp-json\/wp\/v2\/pages\/22#wpcf7-f603-o1\" method=\"post\" class=\"wpcf7-form init\" aria-label=\"Contact form\" novalidate=\"novalidate\" data-status=\"init\" data-trp-original-action=\"\/ro\/wp-json\/wp\/v2\/pages\/22#wpcf7-f603-o1\">\n<fieldset class=\"hidden-fields-container\"><input type=\"hidden\" name=\"_wpcf7\" value=\"603\" \/><input type=\"hidden\" name=\"_wpcf7_version\" value=\"6.1.5\" \/><input type=\"hidden\" name=\"_wpcf7_locale\" value=\"en_US\" \/><input type=\"hidden\" name=\"_wpcf7_unit_tag\" value=\"wpcf7-f603-o1\" \/><input type=\"hidden\" name=\"_wpcf7_container_post\" value=\"0\" \/><input type=\"hidden\" name=\"_wpcf7_posted_data_hash\" value=\"\" \/><input type=\"hidden\" name=\"_wpcf7_recaptcha_response\" value=\"\" \/>\n<\/fieldset>\n<div class=\"contact-form-wrap\">\n\t<p><a class=\"anchor\" title=\"contact\" name=\"contact\"><\/a>\n\t<\/p>\n\t<h2>Contacteaz\u0103-ne\n\t<\/h2>\n\t<div class=\"form-row\">\n\t\t<p><label for=\"your-name\">Nume<\/label>\n\t\t<\/p>\n\t\t<div class=\"form-field\">\n\t\t\t<p><span class=\"wpcf7-form-control-wrap\" data-name=\"your-name\"><input size=\"40\" maxlength=\"400\" class=\"wpcf7-form-control wpcf7-text wpcf7-validates-as-required\" aria-required=\"true\" aria-invalid=\"false\" placeholder=\"\" value=\"\" type=\"text\" name=\"your-name\" \/><\/span>\n\t\t\t<\/p>\n\t\t<\/div>\n\t<\/div>\n\t<div class=\"form-row\">\n\t\t<p><label for=\"your-email\">E-mail*<\/label>\n\t\t<\/p>\n\t\t<div class=\"form-field\">\n\t\t\t<p><span class=\"wpcf7-form-control-wrap\" data-name=\"your-email\"><input size=\"40\" maxlength=\"400\" class=\"wpcf7-form-control wpcf7-email wpcf7-validates-as-required wpcf7-text wpcf7-validates-as-email\" aria-required=\"true\" aria-invalid=\"false\" placeholder=\"\" value=\"\" type=\"email\" name=\"your-email\" \/><\/span>\n\t\t\t<\/p>\n\t\t<\/div>\n\t<\/div>\n\t<div class=\"form-row\">\n\t\t<p><label for=\"your-phone\">Telefon<\/label>\n\t\t<\/p>\n\t\t<div class=\"form-field\">\n\t\t\t<p><span class=\"wpcf7-form-control-wrap\" data-name=\"your-phone\"><input size=\"40\" maxlength=\"400\" class=\"wpcf7-form-control wpcf7-tel wpcf7-text wpcf7-validates-as-tel\" aria-invalid=\"false\" placeholder=\"\" value=\"\" type=\"tel\" name=\"your-phone\" \/><\/span>\n\t\t\t<\/p>\n\t\t<\/div>\n\t<\/div>\n\t<div class=\"form-row\">\n\t\t<p><label for=\"your-message\">Mesaj*<\/label>\n\t\t<\/p>\n\t\t<div class=\"form-field\">\n\t\t\t<p><span class=\"wpcf7-form-control-wrap\" data-name=\"your-message\"><textarea cols=\"40\" rows=\"3\" maxlength=\"2000\" class=\"wpcf7-form-control wpcf7-textarea wpcf7-validates-as-required\" aria-required=\"true\" aria-invalid=\"false\" placeholder=\"\" name=\"your-message\"><\/textarea><\/span>\n\t\t\t<\/p>\n\t\t<\/div>\n\t<\/div>\n\t<p class=\"acceptance\"><span class=\"wpcf7-form-control-wrap\" data-name=\"acceptance-854\"><span class=\"wpcf7-form-control wpcf7-acceptance\"><span class=\"wpcf7-list-item\"><label><input type=\"checkbox\" name=\"acceptance-854\" value=\"1\" aria-invalid=\"false\" \/><span class=\"wpcf7-list-item-label\">Am citit si sunt de acord cu <a target=\"_blank\" href=\"https:\/\/the-light.ro\/ro\/privacy-policy\/\">Politica de confiden\u021bialitate<\/a><\/span><\/label><\/span><\/span><\/span>\n\t<\/p>\n\t<p> <input class=\"wpcf7-form-control wpcf7-submit has-spinner\" type=\"submit\" value=\"Trimite cererea\" \/> \n\t<\/p>\n<\/div><div class=\"wpcf7-response-output\" aria-hidden=\"true\"><\/div>\n<input type=\"hidden\" name=\"trp-form-language\" value=\"ro\"\/><\/form>\n<\/div>\n<\/div>\n\t\t\t\t\t\t<\/div>\n\t\t\t\t<\/div>\n\t\t\t\t\t<\/div>\n\t\t<\/div>\n\t\t\t\t\t<\/div>\n\t\t<\/section>\n\t\t\t\t<\/div>","protected":false},"excerpt":{"rendered":"<p>Start your new projects with us View Map The Light 6R, Iuliu Maniul Blvd., Bucharest, District 6 +4 021 313 20 94 office@the-light.ro Leasing [&hellip;]<\/p>\n","protected":false},"author":1,"featured_media":0,"parent":0,"menu_order":0,"comment_status":"closed","ping_status":"closed","template":"","meta":{"site-sidebar-layout":"no-sidebar","site-content-layout":"page-builder","ast-site-content-layout":"default","site-content-style":"default","site-sidebar-style":"default","ast-global-header-display":"","ast-banner-title-visibility":"","ast-main-header-display":"","ast-hfb-above-header-display":"","ast-hfb-below-header-display":"","ast-hfb-mobile-header-display":"","site-post-title":"disabled","ast-breadcrumbs-content":"","ast-featured-img":"disabled","footer-sml-layout":"","ast-disable-related-posts":"","theme-transparent-header-meta":"default","adv-header-id-meta":"","stick-header-meta":"default","header-above-stick-meta":"","header-main-stick-meta":"","header-below-stick-meta":"","astra-migrate-meta-layouts":"default","ast-page-background-enabled":"default","ast-page-background-meta":{"desktop":{"background-color":"","background-image":"","background-repeat":"repeat","background-position":"center center","background-size":"auto","background-attachment":"scroll","background-type":"","background-media":"","overlay-type":"","overlay-color":"","overlay-opacity":"","overlay-gradient":""},"tablet":{"background-color":"","background-image":"","background-repeat":"repeat","background-position":"center center","background-size":"auto","background-attachment":"scroll","background-type":"","background-media":"","overlay-type":"","overlay-color":"","overlay-opacity":"","overlay-gradient":""},"mobile":{"background-color":"","background-image":"","background-repeat":"repeat","background-position":"center center","background-size":"auto","background-attachment":"scroll","background-type":"","background-media":"","overlay-type":"","overlay-color":"","overlay-opacity":"","overlay-gradient":""}},"ast-content-background-meta":{"desktop":{"background-color":"var(--ast-global-color-5)","background-image":"","background-repeat":"repeat","background-position":"center center","background-size":"auto","background-attachment":"scroll","background-type":"","background-media":"","overlay-type":"","overlay-color":"","overlay-opacity":"","overlay-gradient":""},"tablet":{"background-color":"var(--ast-global-color-5)","background-image":"","background-repeat":"repeat","background-position":"center center","background-size":"auto","background-attachment":"scroll","background-type":"","background-media":"","overlay-type":"","overlay-color":"","overlay-opacity":"","overlay-gradient":""},"mobile":{"background-color":"var(--ast-global-color-5)","background-image":"","background-repeat":"repeat","background-position":"center center","background-size":"auto","background-attachment":"scroll","background-type":"","background-media":"","overlay-type":"","overlay-color":"","overlay-opacity":"","overlay-gradient":""}},"footnotes":""},"class_list":["post-22","page","type-page","status-publish","hentry"],"yoast_head":"<!-- This site is optimized with the Yoast SEO plugin v27.5 - https:\/\/yoast.com\/product\/yoast-seo-wordpress\/ -->\n<title>Contact - The Light<\/title>\n<meta name=\"robots\" content=\"index, follow, max-snippet:-1, max-image-preview:large, max-video-preview:-1\" \/>\n<link rel=\"canonical\" href=\"https:\/\/the-light.ro\/ro\/contact\/\" \/>\n<meta property=\"og:locale\" content=\"ro_RO\" \/>\n<meta property=\"og:type\" content=\"article\" \/>\n<meta property=\"og:title\" content=\"Contact - The Light\" \/>\n<meta property=\"og:description\" content=\"Start your new projects with us View Map The Light 6R, Iuliu Maniul Blvd., Bucharest, District 6 +4 021 313 20 94 office@the-light.ro Leasing [&hellip;]\" \/>\n<meta property=\"og:url\" content=\"https:\/\/the-light.ro\/ro\/contact\/\" \/>\n<meta property=\"og:site_name\" content=\"The Light\" \/>\n<meta property=\"article:modified_time\" content=\"2024-09-24T12:34:16+00:00\" \/>\n<meta property=\"og:image\" content=\"https:\/\/the-light.ro\/wp-content\/uploads\/2020\/10\/location-drona-buildings.jpeg\" \/>\n<meta name=\"twitter:card\" content=\"summary_large_image\" \/>\n<meta name=\"twitter:label1\" content=\"Timp estimat pentru citire\" \/>\n\t<meta name=\"twitter:data1\" content=\"1 minut\" \/>\n<script type=\"application\/ld+json\" class=\"yoast-schema-graph\">{\"@context\":\"https:\\\/\\\/schema.org\",\"@graph\":[{\"@type\":\"WebPage\",\"@id\":\"https:\\\/\\\/the-light.ro\\\/contact\\\/\",\"url\":\"https:\\\/\\\/the-light.ro\\\/contact\\\/\",\"name\":\"Contact - The Light\",\"isPartOf\":{\"@id\":\"https:\\\/\\\/the-light.ro\\\/ro\\\/#website\"},\"primaryImageOfPage\":{\"@id\":\"https:\\\/\\\/the-light.ro\\\/contact\\\/#primaryimage\"},\"image\":{\"@id\":\"https:\\\/\\\/the-light.ro\\\/contact\\\/#primaryimage\"},\"thumbnailUrl\":\"https:\\\/\\\/the-light.ro\\\/wp-content\\\/uploads\\\/2020\\\/10\\\/location-drona-buildings.jpeg\",\"datePublished\":\"2020-10-03T09:16:19+00:00\",\"dateModified\":\"2024-09-24T12:34:16+00:00\",\"breadcrumb\":{\"@id\":\"https:\\\/\\\/the-light.ro\\\/contact\\\/#breadcrumb\"},\"inLanguage\":\"ro-RO\",\"potentialAction\":[{\"@type\":\"ReadAction\",\"target\":[\"https:\\\/\\\/the-light.ro\\\/contact\\\/\"]}]},{\"@type\":\"ImageObject\",\"inLanguage\":\"ro-RO\",\"@id\":\"https:\\\/\\\/the-light.ro\\\/contact\\\/#primaryimage\",\"url\":\"https:\\\/\\\/the-light.ro\\\/wp-content\\\/uploads\\\/2020\\\/10\\\/location-drona-buildings.jpeg\",\"contentUrl\":\"https:\\\/\\\/the-light.ro\\\/wp-content\\\/uploads\\\/2020\\\/10\\\/location-drona-buildings.jpeg\"},{\"@type\":\"BreadcrumbList\",\"@id\":\"https:\\\/\\\/the-light.ro\\\/contact\\\/#breadcrumb\",\"itemListElement\":[{\"@type\":\"ListItem\",\"position\":1,\"name\":\"Home\",\"item\":\"https:\\\/\\\/the-light.ro\\\/\"},{\"@type\":\"ListItem\",\"position\":2,\"name\":\"Contact\"}]},{\"@type\":\"WebSite\",\"@id\":\"https:\\\/\\\/the-light.ro\\\/ro\\\/#website\",\"url\":\"https:\\\/\\\/the-light.ro\\\/ro\\\/\",\"name\":\"The Light\",\"description\":\"A perfect spot for innovation\",\"publisher\":{\"@id\":\"https:\\\/\\\/the-light.ro\\\/ro\\\/#organization\"},\"potentialAction\":[{\"@type\":\"SearchAction\",\"target\":{\"@type\":\"EntryPoint\",\"urlTemplate\":\"https:\\\/\\\/the-light.ro\\\/ro\\\/?s={search_term_string}\"},\"query-input\":{\"@type\":\"PropertyValueSpecification\",\"valueRequired\":true,\"valueName\":\"search_term_string\"}}],\"inLanguage\":\"ro-RO\"},{\"@type\":\"Organization\",\"@id\":\"https:\\\/\\\/the-light.ro\\\/ro\\\/#organization\",\"name\":\"The Light\",\"url\":\"https:\\\/\\\/the-light.ro\\\/ro\\\/\",\"logo\":{\"@type\":\"ImageObject\",\"inLanguage\":\"ro-RO\",\"@id\":\"https:\\\/\\\/the-light.ro\\\/ro\\\/#\\\/schema\\\/logo\\\/image\\\/\",\"url\":\"https:\\\/\\\/the-light.ro\\\/wp-content\\\/uploads\\\/2020\\\/11\\\/the-light.svg\",\"contentUrl\":\"https:\\\/\\\/the-light.ro\\\/wp-content\\\/uploads\\\/2020\\\/11\\\/the-light.svg\",\"width\":250,\"height\":42,\"caption\":\"The Light\"},\"image\":{\"@id\":\"https:\\\/\\\/the-light.ro\\\/ro\\\/#\\\/schema\\\/logo\\\/image\\\/\"}}]}<\/script>\n<!-- \/ Yoast SEO plugin. -->","yoast_head_json":{"title":"Contact - The Light","robots":{"index":"index","follow":"follow","max-snippet":"max-snippet:-1","max-image-preview":"max-image-preview:large","max-video-preview":"max-video-preview:-1"},"canonical":"https:\/\/the-light.ro\/ro\/contact\/","og_locale":"ro_RO","og_type":"article","og_title":"Contact - The Light","og_description":"Start your new projects with us View Map The Light 6R, Iuliu Maniul Blvd., Bucharest, District 6 +4 021 313 20 94 office@the-light.ro Leasing [&hellip;]","og_url":"https:\/\/the-light.ro\/ro\/contact\/","og_site_name":"The Light","article_modified_time":"2024-09-24T12:34:16+00:00","og_image":[{"url":"https:\/\/the-light.ro\/wp-content\/uploads\/2020\/10\/location-drona-buildings.jpeg","type":"","width":"","height":""}],"twitter_card":"summary_large_image","twitter_misc":{"Timp estimat pentru citire":"1 minut"},"schema":{"@context":"https:\/\/schema.org","@graph":[{"@type":"WebPage","@id":"https:\/\/the-light.ro\/contact\/","url":"https:\/\/the-light.ro\/contact\/","name":"Contact - The Light","isPartOf":{"@id":"https:\/\/the-light.ro\/ro\/#website"},"primaryImageOfPage":{"@id":"https:\/\/the-light.ro\/contact\/#primaryimage"},"image":{"@id":"https:\/\/the-light.ro\/contact\/#primaryimage"},"thumbnailUrl":"https:\/\/the-light.ro\/wp-content\/uploads\/2020\/10\/location-drona-buildings.jpeg","datePublished":"2020-10-03T09:16:19+00:00","dateModified":"2024-09-24T12:34:16+00:00","breadcrumb":{"@id":"https:\/\/the-light.ro\/contact\/#breadcrumb"},"inLanguage":"ro-RO","potentialAction":[{"@type":"ReadAction","target":["https:\/\/the-light.ro\/contact\/"]}]},{"@type":"ImageObject","inLanguage":"ro-RO","@id":"https:\/\/the-light.ro\/contact\/#primaryimage","url":"https:\/\/the-light.ro\/wp-content\/uploads\/2020\/10\/location-drona-buildings.jpeg","contentUrl":"https:\/\/the-light.ro\/wp-content\/uploads\/2020\/10\/location-drona-buildings.jpeg"},{"@type":"BreadcrumbList","@id":"https:\/\/the-light.ro\/contact\/#breadcrumb","itemListElement":[{"@type":"ListItem","position":1,"name":"Home","item":"https:\/\/the-light.ro\/"},{"@type":"ListItem","position":2,"name":"Contact"}]},{"@type":"WebSite","@id":"https:\/\/the-light.ro\/ro\/#website","url":"https:\/\/the-light.ro\/ro\/","name":"The Light","description":"Un loc perfect pentru inova\u021bie","publisher":{"@id":"https:\/\/the-light.ro\/ro\/#organization"},"potentialAction":[{"@type":"SearchAction","target":{"@type":"EntryPoint","urlTemplate":"https:\/\/the-light.ro\/ro\/?s={search_term_string}"},"query-input":{"@type":"PropertyValueSpecification","valueRequired":true,"valueName":"search_term_string"}}],"inLanguage":"ro-RO"},{"@type":"Organization","@id":"https:\/\/the-light.ro\/ro\/#organization","name":"The Light","url":"https:\/\/the-light.ro\/ro\/","logo":{"@type":"ImageObject","inLanguage":"ro-RO","@id":"https:\/\/the-light.ro\/ro\/#\/schema\/logo\/image\/","url":"https:\/\/the-light.ro\/wp-content\/uploads\/2020\/11\/the-light.svg","contentUrl":"https:\/\/the-light.ro\/wp-content\/uploads\/2020\/11\/the-light.svg","width":250,"height":42,"caption":"The Light"},"image":{"@id":"https:\/\/the-light.ro\/ro\/#\/schema\/logo\/image\/"}}]}},"_links":{"self":[{"href":"https:\/\/the-light.ro\/ro\/wp-json\/wp\/v2\/pages\/22","targetHints":{"allow":["GET"]}}],"collection":[{"href":"https:\/\/the-light.ro\/ro\/wp-json\/wp\/v2\/pages"}],"about":[{"href":"https:\/\/the-light.ro\/ro\/wp-json\/wp\/v2\/types\/page"}],"author":[{"embeddable":true,"href":"https:\/\/the-light.ro\/ro\/wp-json\/wp\/v2\/users\/1"}],"replies":[{"embeddable":true,"href":"https:\/\/the-light.ro\/ro\/wp-json\/wp\/v2\/comments?post=22"}],"version-history":[{"count":12,"href":"https:\/\/the-light.ro\/ro\/wp-json\/wp\/v2\/pages\/22\/revisions"}],"predecessor-version":[{"id":3294,"href":"https:\/\/the-light.ro\/ro\/wp-json\/wp\/v2\/pages\/22\/revisions\/3294"}],"wp:attachment":[{"href":"https:\/\/the-light.ro\/ro\/wp-json\/wp\/v2\/media?parent=22"}],"curies":[{"name":"wp","href":"https:\/\/api.w.org\/{rel}","templated":true}]}}