{"id":4857,"date":"2026-02-13T11:31:24","date_gmt":"2026-02-13T09:31:24","guid":{"rendered":"https:\/\/the-light.ro\/?page_id=4857"},"modified":"2026-02-16T00:44:08","modified_gmt":"2026-02-15T22:44:08","slug":"informare-privind-prelucrarea-datelor-cu-caracter-personal0","status":"publish","type":"page","link":"https:\/\/the-light.ro\/ro\/informare-privind-prelucrarea-datelor-cu-caracter-personal0\/","title":{"rendered":"Informare privind prelucrarea datelor cu caracter personal"},"content":{"rendered":"<p><strong>1. Cine suntem? <\/strong>Operatorul site-ului este <strong>Grupul SEMA, <\/strong>format din: SEMA REAL ESTATE MANAGEMENT SRL care exercit\u0103 controlul, SEMA BUSINESS ONE S.R.L.,&nbsp;SEMA BUSINESS TWO S.R.L.,&nbsp; SEMA BUSINESS THREE S.R.L., SEMA BUSINESS FOUR S.R.L.,&nbsp; SEMA BUSINESS FIVE S.R.L.,&nbsp;SEMA REAL ESTATE S.A., PUMAC S.A. si SERVAGROMEC DAMBOVITA SA<\/p>\n\n\n\n<p>Mentenan\u021ba site-ului este realizat\u0103 de \u00eemputernicitul nostru: <strong>M2M Events Loft S.R.L., <\/strong>care are contract cu PUMAC S.A.<strong>&nbsp;<\/strong><\/p>\n\n\n\n<p><strong>2.Tipuri de date personale ale persoanelor ce viziteaz\u0103 site-ul nostru, <\/strong>ce pot fi prelucrate de operator<strong>: <\/strong>nume, prenume, num\u0103r de telefon, adres\u0103, adres\u0103 email, markeri digitali precum: IP, loca\u021bie.<\/p>\n\n\n\n<p>De asemenea Grupul Sema, \u00eempreun\u0103 cu colaboratorii s\u0103i din domeniul agen\u021biilor&nbsp; imobiliare poate prelucra datele dumneavoastr\u0103 cu caracter personal, inclusiv la \u00eencheierea sau premerg\u0103tor \u00eencheierii unui contract: numele, prenume, data na\u0219terii, nume utilizator, num\u0103rul de telefon, adres\u0103, adresa de email, CNP, serie \u0219i nr. CI.<\/p>\n\n\n\n<p><strong>3. De ce avem nevoie de datele dumneavoastr\u0103 &#8211;<\/strong> pentru a derula activit\u0103\u021bile \u0219i serviciile specifice operatorului.<\/p>\n\n\n\n<p><strong>4. Scopul<\/strong> colect\u0103rii datelor cu caracter personal \u2013<strong>realizarea activit\u0103\u021bilor de management, publicitate, marketing, v\u00e2nz\u0103ri.<\/strong><\/p>\n\n\n\n<p><strong>5. Temeiul legal al prelucr\u0103rii datelor dumneavoastr\u0103, <\/strong>conform GDPR, art. 6, lit. a, b, c, f, poate fi dup\u0103 caz:&nbsp;<\/p>\n\n\n\n<p>&#8211; consim\u021b\u0103m\u00e2ntul (pentru cookies la accesarea site-ului sau newsletter);<\/p>\n\n\n\n<p>&#8211; demersuri privind \u00eencheierea unui contract cu dumneavoastr\u0103;<\/p>\n\n\n\n<p>&#8211; obliga\u021bia legal\u0103 \u00een domenii precum financiar fiscal \u0219i&nbsp;<\/p>\n\n\n\n<p>&#8211; interesul legitim \u2013 urm\u0103rit de o parte ter\u021b\u0103 (de exemplu prin cookies Google Analytics).<\/p>\n\n\n\n<p><strong>6. Ce facem cu datele dumneavoastr\u0103 &#8211; <\/strong>angaja\u021bii operatorului \u2013 Grupul Sema \u0219i \u00eemputernicitului \u2013firma de mentenan\u021b\u0103 a site-ului sau colaboratorii no\u0219tri &#8211; agen\u021bii imobiliare, pot prelucra datele dumneavoastr\u0103 cu caracter personal pentru exercitarea atribu\u021biilor de serviciu pe linie de marketing, v\u00e2nz\u0103ri, management sau publicitate. Datele dvs. pot fi solicitate \u0219i ob\u021binute legal \u0219i de autorit\u0103\u021bi competente, instan\u021be, Poli\u021bie, alte autorit\u0103\u021bi. Nu utiliz\u0103m procese decizionale automatizate \u0219i nu cre\u0103m profiluri privind datele dumneavoastr\u0103 cu caracter personal.<\/p>\n\n\n\n<p><strong>7. C\u00e2t timp p\u0103str\u0103m datele Dumneavoastr\u0103 <\/strong>&#8211; pe site unele date precum markerii digitali pot fi p\u0103strate maxim 30 de zile \u2013 conform politicii de cookies.<\/p>\n\n\n\n<p><strong>8. Care sunt drepturile Dumneavoastr\u0103?<\/strong><\/p>\n\n\n\n<p>Dreptul de a fi informat cu privire la datele dumneavoastr\u0103 personale, dreptul de acces la datele personale, dreptul la rectificare a datelor, dreptul la restric\u021bionarea prelucr\u0103rii, dreptul la \u0219tergerea, dreptul de a v\u0103 opune prelucr\u0103rii, dreptul la portabilitatea datelor, dreptul de a v\u0103 opune unui proces decizional automatizat sau cre\u0103rii de profiluri.&nbsp;<\/p>\n\n\n\n<p>Pentru exercitarea drepturilor dumneavoastr\u0103 contacta\u021bi Responsabilul nostru cu Protec\u021bia Datelor \u2013 DPO, telefonic: 0724578782 sau prin email. <a href=\"mailto:dpo@sema.ro\">dpo@sema.ro<\/a> pentru a transmite Formularul de solicitare a accesului la date, de mai jos.<\/p>\n\n\n\n<p>Dac\u0103 nu sunte\u021bi mul\u021bumi\u021bi, pute\u021bi contacta &#8211; ANSPDCP <a href=\"http:\/\/www.dataprotection.ro\">www.dataprotection.ro<\/a>,&nbsp;<\/p>\n\n\n\n<p>B-dul General Gheorghe Magheru&nbsp; nr. 28-30, Sector 1, cod. Po\u0219tal 010336, Bucure\u0219ti Rom\u00e2nia \u0219i pute\u021bi depune o pl\u00e2ngere sau s\u0103 alege\u021bi o cale de atac juridic.<\/p>\n\n\n\n<p><strong>Actualizat: 2026<\/strong><\/p>\n\n\n\n<p><\/p>","protected":false},"excerpt":{"rendered":"<p>1. Cine suntem? Operatorul site-ului este Grupul SEMA, format din: SEMA REAL ESTATE MANAGEMENT SRL care exercit\u0103 controlul, SEMA BUSINESS ONE S.R.L.,&nbsp;SEMA BUSINESS TWO [&hellip;]<\/p>\n","protected":false},"author":1,"featured_media":0,"parent":0,"menu_order":0,"comment_status":"closed","ping_status":"closed","template":"","meta":{"site-sidebar-layout":"default","site-content-layout":"default","ast-site-content-layout":"default","site-content-style":"default","site-sidebar-style":"default","ast-global-header-display":"","ast-banner-title-visibility":"","ast-main-header-display":"","ast-hfb-above-header-display":"","ast-hfb-below-header-display":"","ast-hfb-mobile-header-display":"","site-post-title":"","ast-breadcrumbs-content":"","ast-featured-img":"","footer-sml-layout":"","ast-disable-related-posts":"","theme-transparent-header-meta":"default","adv-header-id-meta":"","stick-header-meta":"default","header-above-stick-meta":"","header-main-stick-meta":"","header-below-stick-meta":"","astra-migrate-meta-layouts":"set","ast-page-background-enabled":"default","ast-page-background-meta":{"desktop":{"background-color":"","background-image":"","background-repeat":"repeat","background-position":"center center","background-size":"auto","background-attachment":"scroll","background-type":"","background-media":"","overlay-type":"","overlay-color":"","overlay-opacity":"","overlay-gradient":""},"tablet":{"background-color":"","background-image":"","background-repeat":"repeat","background-position":"center center","background-size":"auto","background-attachment":"scroll","background-type":"","background-media":"","overlay-type":"","overlay-color":"","overlay-opacity":"","overlay-gradient":""},"mobile":{"background-color":"","background-image":"","background-repeat":"repeat","background-position":"center center","background-size":"auto","background-attachment":"scroll","background-type":"","background-media":"","overlay-type":"","overlay-color":"","overlay-opacity":"","overlay-gradient":""}},"ast-content-background-meta":{"desktop":{"background-color":"var(--ast-global-color-5)","background-image":"","background-repeat":"repeat","background-position":"center center","background-size":"auto","background-attachment":"scroll","background-type":"","background-media":"","overlay-type":"","overlay-color":"","overlay-opacity":"","overlay-gradient":""},"tablet":{"background-color":"var(--ast-global-color-5)","background-image":"","background-repeat":"repeat","background-position":"center center","background-size":"auto","background-attachment":"scroll","background-type":"","background-media":"","overlay-type":"","overlay-color":"","overlay-opacity":"","overlay-gradient":""},"mobile":{"background-color":"var(--ast-global-color-5)","background-image":"","background-repeat":"repeat","background-position":"center center","background-size":"auto","background-attachment":"scroll","background-type":"","background-media":"","overlay-type":"","overlay-color":"","overlay-opacity":"","overlay-gradient":""}},"footnotes":""},"class_list":["post-4857","page","type-page","status-publish","hentry"],"yoast_head":"<!-- This site is optimized with the Yoast SEO plugin v27.3 - https:\/\/yoast.com\/product\/yoast-seo-wordpress\/ -->\n<title>Informare privind prelucrarea datelor cu caracter personal - The Light<\/title>\n<meta name=\"robots\" content=\"index, follow, max-snippet:-1, max-image-preview:large, max-video-preview:-1\" \/>\n<link rel=\"canonical\" href=\"https:\/\/the-light.ro\/ro\/informare-privind-prelucrarea-datelor-cu-caracter-personal0\/\" \/>\n<meta property=\"og:locale\" content=\"ro_RO\" \/>\n<meta property=\"og:type\" content=\"article\" \/>\n<meta property=\"og:title\" content=\"Informare privind prelucrarea datelor cu caracter personal - The Light\" \/>\n<meta property=\"og:description\" content=\"1. Cine suntem? Operatorul site-ului este Grupul SEMA, format din: SEMA REAL ESTATE MANAGEMENT SRL care exercit\u0103 controlul, SEMA BUSINESS ONE S.R.L.,&nbsp;SEMA BUSINESS TWO [&hellip;]\" \/>\n<meta property=\"og:url\" content=\"https:\/\/the-light.ro\/ro\/informare-privind-prelucrarea-datelor-cu-caracter-personal0\/\" \/>\n<meta property=\"og:site_name\" content=\"The Light\" \/>\n<meta property=\"article:modified_time\" content=\"2026-02-15T22:44:08+00:00\" \/>\n<meta name=\"twitter:card\" content=\"summary_large_image\" \/>\n<meta name=\"twitter:label1\" content=\"Timp estimat pentru citire\" \/>\n\t<meta name=\"twitter:data1\" content=\"2 minute\" \/>\n<script type=\"application\/ld+json\" class=\"yoast-schema-graph\">{\"@context\":\"https:\\\/\\\/schema.org\",\"@graph\":[{\"@type\":\"WebPage\",\"@id\":\"https:\\\/\\\/the-light.ro\\\/informare-privind-prelucrarea-datelor-cu-caracter-personal0\\\/\",\"url\":\"https:\\\/\\\/the-light.ro\\\/informare-privind-prelucrarea-datelor-cu-caracter-personal0\\\/\",\"name\":\"Informare privind prelucrarea datelor cu caracter personal - The Light\",\"isPartOf\":{\"@id\":\"https:\\\/\\\/the-light.ro\\\/ro\\\/#website\"},\"datePublished\":\"2026-02-13T09:31:24+00:00\",\"dateModified\":\"2026-02-15T22:44:08+00:00\",\"breadcrumb\":{\"@id\":\"https:\\\/\\\/the-light.ro\\\/informare-privind-prelucrarea-datelor-cu-caracter-personal0\\\/#breadcrumb\"},\"inLanguage\":\"ro-RO\",\"potentialAction\":[{\"@type\":\"ReadAction\",\"target\":[\"https:\\\/\\\/the-light.ro\\\/informare-privind-prelucrarea-datelor-cu-caracter-personal0\\\/\"]}]},{\"@type\":\"BreadcrumbList\",\"@id\":\"https:\\\/\\\/the-light.ro\\\/informare-privind-prelucrarea-datelor-cu-caracter-personal0\\\/#breadcrumb\",\"itemListElement\":[{\"@type\":\"ListItem\",\"position\":1,\"name\":\"Home\",\"item\":\"https:\\\/\\\/the-light.ro\\\/\"},{\"@type\":\"ListItem\",\"position\":2,\"name\":\"Informare privind prelucrarea datelor cu caracter personal\"}]},{\"@type\":\"WebSite\",\"@id\":\"https:\\\/\\\/the-light.ro\\\/ro\\\/#website\",\"url\":\"https:\\\/\\\/the-light.ro\\\/ro\\\/\",\"name\":\"The Light\",\"description\":\"A perfect spot for innovation\",\"publisher\":{\"@id\":\"https:\\\/\\\/the-light.ro\\\/ro\\\/#organization\"},\"potentialAction\":[{\"@type\":\"SearchAction\",\"target\":{\"@type\":\"EntryPoint\",\"urlTemplate\":\"https:\\\/\\\/the-light.ro\\\/ro\\\/?s={search_term_string}\"},\"query-input\":{\"@type\":\"PropertyValueSpecification\",\"valueRequired\":true,\"valueName\":\"search_term_string\"}}],\"inLanguage\":\"ro-RO\"},{\"@type\":\"Organization\",\"@id\":\"https:\\\/\\\/the-light.ro\\\/ro\\\/#organization\",\"name\":\"The Light\",\"url\":\"https:\\\/\\\/the-light.ro\\\/ro\\\/\",\"logo\":{\"@type\":\"ImageObject\",\"inLanguage\":\"ro-RO\",\"@id\":\"https:\\\/\\\/the-light.ro\\\/ro\\\/#\\\/schema\\\/logo\\\/image\\\/\",\"url\":\"https:\\\/\\\/the-light.ro\\\/wp-content\\\/uploads\\\/2020\\\/11\\\/the-light.svg\",\"contentUrl\":\"https:\\\/\\\/the-light.ro\\\/wp-content\\\/uploads\\\/2020\\\/11\\\/the-light.svg\",\"width\":250,\"height\":42,\"caption\":\"The Light\"},\"image\":{\"@id\":\"https:\\\/\\\/the-light.ro\\\/ro\\\/#\\\/schema\\\/logo\\\/image\\\/\"}}]}<\/script>\n<!-- \/ Yoast SEO plugin. -->","yoast_head_json":{"title":"Informare privind prelucrarea datelor cu caracter personal - The Light","robots":{"index":"index","follow":"follow","max-snippet":"max-snippet:-1","max-image-preview":"max-image-preview:large","max-video-preview":"max-video-preview:-1"},"canonical":"https:\/\/the-light.ro\/ro\/informare-privind-prelucrarea-datelor-cu-caracter-personal0\/","og_locale":"ro_RO","og_type":"article","og_title":"Informare privind prelucrarea datelor cu caracter personal - The Light","og_description":"1. Cine suntem? Operatorul site-ului este Grupul SEMA, format din: SEMA REAL ESTATE MANAGEMENT SRL care exercit\u0103 controlul, SEMA BUSINESS ONE S.R.L.,&nbsp;SEMA BUSINESS TWO [&hellip;]","og_url":"https:\/\/the-light.ro\/ro\/informare-privind-prelucrarea-datelor-cu-caracter-personal0\/","og_site_name":"The Light","article_modified_time":"2026-02-15T22:44:08+00:00","twitter_card":"summary_large_image","twitter_misc":{"Timp estimat pentru citire":"2 minute"},"schema":{"@context":"https:\/\/schema.org","@graph":[{"@type":"WebPage","@id":"https:\/\/the-light.ro\/informare-privind-prelucrarea-datelor-cu-caracter-personal0\/","url":"https:\/\/the-light.ro\/informare-privind-prelucrarea-datelor-cu-caracter-personal0\/","name":"Informare privind prelucrarea datelor cu caracter personal - The Light","isPartOf":{"@id":"https:\/\/the-light.ro\/ro\/#website"},"datePublished":"2026-02-13T09:31:24+00:00","dateModified":"2026-02-15T22:44:08+00:00","breadcrumb":{"@id":"https:\/\/the-light.ro\/informare-privind-prelucrarea-datelor-cu-caracter-personal0\/#breadcrumb"},"inLanguage":"ro-RO","potentialAction":[{"@type":"ReadAction","target":["https:\/\/the-light.ro\/informare-privind-prelucrarea-datelor-cu-caracter-personal0\/"]}]},{"@type":"BreadcrumbList","@id":"https:\/\/the-light.ro\/informare-privind-prelucrarea-datelor-cu-caracter-personal0\/#breadcrumb","itemListElement":[{"@type":"ListItem","position":1,"name":"Home","item":"https:\/\/the-light.ro\/"},{"@type":"ListItem","position":2,"name":"Informare privind prelucrarea datelor cu caracter personal"}]},{"@type":"WebSite","@id":"https:\/\/the-light.ro\/ro\/#website","url":"https:\/\/the-light.ro\/ro\/","name":"The Light","description":"Un loc perfect pentru inova\u021bie","publisher":{"@id":"https:\/\/the-light.ro\/ro\/#organization"},"potentialAction":[{"@type":"SearchAction","target":{"@type":"EntryPoint","urlTemplate":"https:\/\/the-light.ro\/ro\/?s={search_term_string}"},"query-input":{"@type":"PropertyValueSpecification","valueRequired":true,"valueName":"search_term_string"}}],"inLanguage":"ro-RO"},{"@type":"Organization","@id":"https:\/\/the-light.ro\/ro\/#organization","name":"The Light","url":"https:\/\/the-light.ro\/ro\/","logo":{"@type":"ImageObject","inLanguage":"ro-RO","@id":"https:\/\/the-light.ro\/ro\/#\/schema\/logo\/image\/","url":"https:\/\/the-light.ro\/wp-content\/uploads\/2020\/11\/the-light.svg","contentUrl":"https:\/\/the-light.ro\/wp-content\/uploads\/2020\/11\/the-light.svg","width":250,"height":42,"caption":"The Light"},"image":{"@id":"https:\/\/the-light.ro\/ro\/#\/schema\/logo\/image\/"}}]}},"_links":{"self":[{"href":"https:\/\/the-light.ro\/ro\/wp-json\/wp\/v2\/pages\/4857","targetHints":{"allow":["GET"]}}],"collection":[{"href":"https:\/\/the-light.ro\/ro\/wp-json\/wp\/v2\/pages"}],"about":[{"href":"https:\/\/the-light.ro\/ro\/wp-json\/wp\/v2\/types\/page"}],"author":[{"embeddable":true,"href":"https:\/\/the-light.ro\/ro\/wp-json\/wp\/v2\/users\/1"}],"replies":[{"embeddable":true,"href":"https:\/\/the-light.ro\/ro\/wp-json\/wp\/v2\/comments?post=4857"}],"version-history":[{"count":2,"href":"https:\/\/the-light.ro\/ro\/wp-json\/wp\/v2\/pages\/4857\/revisions"}],"predecessor-version":[{"id":4859,"href":"https:\/\/the-light.ro\/ro\/wp-json\/wp\/v2\/pages\/4857\/revisions\/4859"}],"wp:attachment":[{"href":"https:\/\/the-light.ro\/ro\/wp-json\/wp\/v2\/media?parent=4857"}],"curies":[{"name":"wp","href":"https:\/\/api.w.org\/{rel}","templated":true}]}}